{"id":119,"date":"2012-05-31T00:10:31","date_gmt":"2012-05-30T22:10:31","guid":{"rendered":"http:\/\/lurarevyen.no\/wordpress\/?page_id=119"},"modified":"2016-11-11T14:49:05","modified_gmt":"2016-11-11T13:49:05","slug":"instruktor","status":"publish","type":"page","link":"https:\/\/lurarevyen.no\/?page_id=119","title":{"rendered":"Instrukt\u00f8r"},"content":{"rendered":"<p>I 2013 startet et nytt kapittel i v\u00e5r historie, med \u00d8yvind Angeltveit som instrukt\u00f8r. Han er fremdeles med oss i 2017.<\/p>\n<p>&nbsp;<\/p>\n<p><img loading=\"lazy\" decoding=\"async\" class=\"alignleft\" title=\"angeltveit5.jpg\" src=\"http:\/\/lurarevyen.no\/images\/stories\/2013\/angeltveit5.jpg\" alt=\"angeltveit5.jpg\" width=\"400\" height=\"400\" \/><\/p>\n<p>&nbsp;<\/p>\n<p><strong>\u00d8yvind Angeltveit<\/strong><\/p>\n<p>Er Vestlending &#8211; fra Stord.<\/p>\n<p>Etablert komiker\/artist med base i Oslo \u2013 men opptrer mye i vest!<br \/>\nHar v\u00e6rt fast medlem av revygruppen \u201d Lompelandslaget\u201d<br \/>\nHar v\u00e6rt med i en mengde revyer og komedier i Bergen og Oslo.<br \/>\nProgramleder i Tv2 samt mange opptredner i Tv ellers.<\/p>\n<p>\u00d8yvind er ogs\u00e5 Stand \u2013up komiker, og tekstforfatter for revy\/Tv<br \/>\nKunnskapene innen tekst og Stand \u2013up tar \u00d8yvind med seg i utformingen og gjennomf\u00f8ringer av Firmajobber, han arbeider tett sammen med bedriften for \u00e5 tilrettelegge og skrive stoff til arrangementet. Til slutt st\u00e5r han for selve toastmaster- og underholdningsdelen.<br \/>\n\u00d8yvind har referanser til de fleste st\u00f8rre selskaper i Norge.<\/p>\n<p>\u00d8yvind har her jobbet endel sammen med Christine Hope fra Bergen.<\/p>\n<div><\/div>\n","protected":false},"excerpt":{"rendered":"<p>I 2013 startet et nytt kapittel i v\u00e5r historie, med \u00d8yvind Angeltveit som instrukt\u00f8r. Han er fremdeles med oss i 2017. &nbsp; &nbsp; \u00d8yvind Angeltveit Er Vestlending &#8211; fra Stord. Etablert komiker\/artist med base i Oslo \u2013 men opptrer mye i vest! Har v\u00e6rt fast medlem av revygruppen \u201d Lompelandslaget\u201d Har v\u00e6rt med i en &hellip; <\/p>\n<p class=\"link-more\"><a href=\"https:\/\/lurarevyen.no\/?page_id=119\" class=\"more-link\">Fortsett \u00e5 lese<span class=\"screen-reader-text\"> \u00abInstrukt\u00f8r\u00bb<\/span><\/a><\/p>\n","protected":false},"author":1,"featured_media":0,"parent":0,"menu_order":0,"comment_status":"closed","ping_status":"open","template":"","meta":{"footnotes":""},"class_list":["post-119","page","type-page","status-publish","hentry"],"_links":{"self":[{"href":"https:\/\/lurarevyen.no\/index.php?rest_route=\/wp\/v2\/pages\/119","targetHints":{"allow":["GET"]}}],"collection":[{"href":"https:\/\/lurarevyen.no\/index.php?rest_route=\/wp\/v2\/pages"}],"about":[{"href":"https:\/\/lurarevyen.no\/index.php?rest_route=\/wp\/v2\/types\/page"}],"author":[{"embeddable":true,"href":"https:\/\/lurarevyen.no\/index.php?rest_route=\/wp\/v2\/users\/1"}],"replies":[{"embeddable":true,"href":"https:\/\/lurarevyen.no\/index.php?rest_route=%2Fwp%2Fv2%2Fcomments&post=119"}],"version-history":[{"count":4,"href":"https:\/\/lurarevyen.no\/index.php?rest_route=\/wp\/v2\/pages\/119\/revisions"}],"predecessor-version":[{"id":842,"href":"https:\/\/lurarevyen.no\/index.php?rest_route=\/wp\/v2\/pages\/119\/revisions\/842"}],"wp:attachment":[{"href":"https:\/\/lurarevyen.no\/index.php?rest_route=%2Fwp%2Fv2%2Fmedia&parent=119"}],"curies":[{"name":"wp","href":"https:\/\/api.w.org\/{rel}","templated":true}]}}