{"id":18,"date":"2012-05-29T21:10:12","date_gmt":"2012-05-29T19:10:12","guid":{"rendered":"http:\/\/lurarevyen.no\/wordpress\/?page_id=18"},"modified":"2015-04-16T07:49:41","modified_gmt":"2015-04-16T05:49:41","slug":"historien","status":"publish","type":"page","link":"https:\/\/lurarevyen.no\/?page_id=18","title":{"rendered":"Historien"},"content":{"rendered":"<p>Vi i Lurarevyen m\u00f8tes hver torsdag\u00a0p\u00e5 Lura bydelshus for \u00e5 lage revy.V\u00e5rt form\u00e5l er \u00e5 v\u00e6re en aktivitet for de \u201dvoksne\u201d i bydelen\u00a0samtidig som det ikke skal v\u00e6re n\u00f8dvendig \u00e5 bo p\u00e5 Lura\u00a0for \u00e5 forst\u00e5 humoren i revyene v\u00e5re.<\/p>\n","protected":false},"excerpt":{"rendered":"<p>Vi i Lurarevyen m\u00f8tes hver torsdag\u00a0p\u00e5 Lura bydelshus for \u00e5 lage revy.V\u00e5rt form\u00e5l er \u00e5 v\u00e6re en aktivitet for de \u201dvoksne\u201d i bydelen\u00a0samtidig som det ikke skal v\u00e6re n\u00f8dvendig \u00e5 bo p\u00e5 Lura\u00a0for \u00e5 forst\u00e5 humoren i revyene v\u00e5re.<\/p>\n","protected":false},"author":1,"featured_media":0,"parent":0,"menu_order":0,"comment_status":"closed","ping_status":"open","template":"","meta":{"footnotes":""},"class_list":["post-18","page","type-page","status-publish","hentry"],"_links":{"self":[{"href":"https:\/\/lurarevyen.no\/index.php?rest_route=\/wp\/v2\/pages\/18","targetHints":{"allow":["GET"]}}],"collection":[{"href":"https:\/\/lurarevyen.no\/index.php?rest_route=\/wp\/v2\/pages"}],"about":[{"href":"https:\/\/lurarevyen.no\/index.php?rest_route=\/wp\/v2\/types\/page"}],"author":[{"embeddable":true,"href":"https:\/\/lurarevyen.no\/index.php?rest_route=\/wp\/v2\/users\/1"}],"replies":[{"embeddable":true,"href":"https:\/\/lurarevyen.no\/index.php?rest_route=%2Fwp%2Fv2%2Fcomments&post=18"}],"version-history":[{"count":9,"href":"https:\/\/lurarevyen.no\/index.php?rest_route=\/wp\/v2\/pages\/18\/revisions"}],"predecessor-version":[{"id":648,"href":"https:\/\/lurarevyen.no\/index.php?rest_route=\/wp\/v2\/pages\/18\/revisions\/648"}],"wp:attachment":[{"href":"https:\/\/lurarevyen.no\/index.php?rest_route=%2Fwp%2Fv2%2Fmedia&parent=18"}],"curies":[{"name":"wp","href":"https:\/\/api.w.org\/{rel}","templated":true}]}}