{"id":22,"date":"2012-05-29T21:11:27","date_gmt":"2012-05-29T19:11:27","guid":{"rendered":"http:\/\/lurarevyen.no\/wordpress\/?page_id=22"},"modified":"2012-10-08T19:15:24","modified_gmt":"2012-10-08T17:15:24","slug":"2011-2","status":"publish","type":"page","link":"https:\/\/lurarevyen.no\/?page_id=22","title":{"rendered":"2011"},"content":{"rendered":"<p><a href=\"http:\/\/lurarevyen.no\/wordpress\/wp-content\/uploads\/2012\/05\/Plakat-2011_3_Plakat-2009.jpg\"><img loading=\"lazy\" decoding=\"async\" class=\"alignleft size-medium wp-image-186\" title=\"Plakat 2011_3_Plakat 2009\" src=\"http:\/\/lurarevyen.no\/wordpress\/wp-content\/uploads\/2012\/05\/Plakat-2011_3_Plakat-2009-219x300.jpg\" alt=\"\" width=\"219\" height=\"300\" \/><\/a><\/p>\n<p>I 2011 satte lurarevyen opp forestillingen &laquo;HuMor &amp; Di &#8211; Mot nye h\u00f8yder!&raquo;. Forestillingen gikk for fulle hus alle 8 forestillingene.<\/p>\n<p>Denne gangen har vi gjort videoer av de fleste nummerene tilgjengelig p\u00e5 nettet, s\u00e5 dersom du gikk glipp av denne forestillingen, eller bare \u00f8nsker \u00e5 se noen av nummerene igjen, kan du klikke p\u00e5 linken for nummeret du vil se. Grunnet rettigheter kan vi dessverre ikke gj\u00f8re hele revyen tilgjengelig.<\/p>\n<p>&nbsp;<\/p>\n<p>&nbsp;<\/p>\n<table border=\"0\">\n<tbody>\n<tr>\n<td>\u00a0<strong>Nummer<\/strong><\/td>\n<td><strong>\u00a0Skuespillere<\/strong><\/td>\n<td><strong>Tekst<\/strong><\/td>\n<\/tr>\n<tr>\n<td>\u00a0<a href=\"http:\/\/www.youtube.com\/watch?v=pCOIylZzVSU\" target=\"_blank\">Velkommen p\u00e5 tur<\/a><\/td>\n<td>\u00a0Alle<\/td>\n<td>Peggy<\/td>\n<\/tr>\n<tr>\n<td>\u00a0<a href=\"http:\/\/www.youtube.com\/watch?v=W3TGKfKTxqc\" target=\"_blank\">Innsjekk<\/a><\/td>\n<td>\u00a0Alle<\/td>\n<td>Peggy<\/td>\n<\/tr>\n<tr>\n<td>\u00a0Alenemor<\/td>\n<td>\u00a0May-Lis<\/td>\n<td>Magnhild H. Knutsen<\/td>\n<\/tr>\n<tr>\n<td>\u00a0<a href=\"http:\/\/www.youtube.com\/watch?v=DHoGuf1kyQ4\" target=\"_blank\">Huderane med handerane<\/a><\/td>\n<td>\u00a0John, \u00d8yvind<\/td>\n<td>\u00d8ivind Stangeland<\/td>\n<\/tr>\n<tr>\n<td>\u00a0<a href=\"http:\/\/www.youtube.com\/watch?v=Oc4u8X4vuys\" target=\"_blank\">Tuppen og Lillemor<\/a><\/td>\n<td>\u00a0Nina, Gry, Heidi<\/td>\n<td>Peggy\/Trond<\/td>\n<\/tr>\n<tr>\n<td>\u00a0<a href=\"http:\/\/www.youtube.com\/watch?v=bJI3LWH_csw\" target=\"_blank\">Born to be wild<\/a><\/td>\n<td>\u00a0Trond, Tore, \u00d8yvind, Mette<\/td>\n<td>Tore<\/td>\n<\/tr>\n<tr>\n<td>\u00a0<a href=\"http:\/\/www.youtube.com\/watch?v=iPYUA3_k8NU\" target=\"_blank\">Jada, jada<\/a><\/td>\n<td>\u00a0S\u00f8lvi, Heidi, May-Lis, Gry, Nina<\/td>\n<td>\u00d8ivind Stangeland<\/td>\n<\/tr>\n<tr>\n<td>\u00a0Kultursalaten<\/td>\n<td>\u00a0Tore, \u00d8yvind, Mette, Gry<\/td>\n<td>Tore<\/td>\n<\/tr>\n<tr>\n<td>\u00a0<a href=\"http:\/\/www.youtube.com\/watch?v=JfHaelPktXQ\" target=\"_blank\">Typisk<\/a><\/td>\n<td>\u00a0Nina<\/td>\n<td>Peggy\/Nina<\/td>\n<\/tr>\n<tr>\n<td>\u00a0Sm\u00f8rsangeren<\/td>\n<td>\u00a0Trond, Stein Rune, Heidi, May-Lis, Gry, Mette<\/td>\n<td>Peggy<\/td>\n<\/tr>\n<tr>\n<td>\u00a0<a href=\"http:\/\/www.youtube.com\/watch?v=lR3rCzd3FX8\" target=\"_blank\">Indianerane kjem<\/a><\/td>\n<td>\u00a0John, Tore, May-Lis<\/td>\n<td>Peggy\/Tore<\/td>\n<\/tr>\n<tr>\n<td>\u00a0Brudeferden<\/td>\n<td>\u00a0\u00d8yvind, S\u00f8lvi<\/td>\n<td>\u00d8yvind Angeltveit<\/td>\n<\/tr>\n<tr>\n<td>\u00a0<a href=\"http:\/\/www.youtube.com\/watch?v=J48MTPUyYWg\" target=\"_blank\">Karate-kameratene<\/a><\/td>\n<td>\u00a0Tore, Trond, John, S\u00f8lvi<\/td>\n<td>\u00d8ivind Stangeland<\/td>\n<\/tr>\n<tr>\n<td>\u00a0<a href=\"http:\/\/www.youtube.com\/watch?v=zsfzWiHwxps\" target=\"_blank\">Sl\u00e5 meg<\/a><\/td>\n<td>\u00a0John, Stein Rune, Mette, Gry, Trond<\/td>\n<td>Ove<\/td>\n<\/tr>\n<tr>\n<td>\u00a0<a href=\"http:\/\/www.youtube.com\/watch?v=cSPnI9m576c\" target=\"_blank\">Sommertid<\/a><\/td>\n<td>\u00a0Stein Rune, S\u00f8lvi, Heidi, John<\/td>\n<td>Peggy<\/td>\n<\/tr>\n<tr>\n<td>\u00a0Venner for livet<\/td>\n<td>\u00a0Tore, Trond, Gry, Mette<\/td>\n<td>Peggy<\/td>\n<\/tr>\n<tr>\n<td>\u00a0<a href=\"http:\/\/www.youtube.com\/watch?v=5l_Vv6BP-CI\" target=\"_blank\">Midtlivskris\u00e5<\/a><\/td>\n<td>\u00a0May-Lis, Stein Rune, Heidi, Gry, S\u00f8lvi, John<\/td>\n<td>May-Lis<\/td>\n<\/tr>\n<tr>\n<td>\u00a0TV-Lisensen<\/td>\n<td>\u00a0Mette, Trond<\/td>\n<td>Peggy<\/td>\n<\/tr>\n<tr>\n<td>\u00a0<a title=\"Sladder\" href=\"http:\/\/www.youtube.com\/watch?v=NR5_eMnpApg\" target=\"_blank\">Sladder<\/a><\/td>\n<td>\u00a0Heidi, S\u00f8lvi, May-Lis, Nina<\/td>\n<td>Heidi<\/td>\n<\/tr>\n<tr>\n<td>\u00a0<a href=\"http:\/\/www.youtube.com\/watch?v=1KXQm8LyiKk\" target=\"_blank\">B\u00e5sdunken<\/a><\/td>\n<td>\u00a0Nina, Gry, Mette, \u00d8yvind, Tore<\/td>\n<td>Tore<\/td>\n<\/tr>\n<tr>\n<td>\u00a0<a href=\"http:\/\/www.youtube.com\/watch?v=LIluWxl0LC0\" target=\"_blank\">Eg e syge<\/a><\/td>\n<td>\u00a0Heidi, Nina<\/td>\n<td>Heidi<\/td>\n<\/tr>\n<tr>\n<td>\u00a0<a href=\"http:\/\/www.youtube.com\/watch?v=Q1ozKpw3vGA\" target=\"_blank\">Skilsmissepakken<\/a><\/td>\n<td>\u00a0Nina, Tore, Stein Rune, Gry, May-Lis, Trond<\/td>\n<td>Peggy<\/td>\n<\/tr>\n<tr>\n<td>\u00a0<a href=\"http:\/\/www.youtube.com\/watch?v=YoNcNykQdgg\" target=\"_blank\">Det norska spr\u00e5ket<\/a><\/td>\n<td>\u00a0S\u00f8lvi<\/td>\n<td>Peggy<\/td>\n<\/tr>\n<tr>\n<td>\u00a0<a href=\"http:\/\/www.youtube.com\/watch?v=iigrBfupesM\" target=\"_blank\">Nordsj\u00f8rittet<\/a><\/td>\n<td>\u00a0Nay-Lis, Mette, Gry, Nina, Heidi, \u00d8yvind, Stein Rune, John<\/td>\n<td>Nina\/May-Lis\/Heidi<\/td>\n<\/tr>\n<tr>\n<td>\u00a0<a href=\"http:\/\/www.youtube.com\/watch?v=JIZpgZfJOsY\" target=\"_blank\">Tollef og Olga<\/a><\/td>\n<td>\u00a0\u00d8yvind, S\u00f8lvi, Stein Rune, Trond<\/td>\n<td>Peggy\/S\u00f8lvi\/\u00d8yvind<\/td>\n<\/tr>\n<tr>\n<td>\u00a0<a href=\"http:\/\/www.youtube.com\/watch?v=sev5F1hpsyQ\" target=\"_blank\">Me seie hade<\/a><\/td>\n<td>\u00a0Alle<\/td>\n<td>Peggy<\/td>\n<\/tr>\n<tr>\n<td><\/td>\n<td><\/td>\n<td><\/td>\n<\/tr>\n<tr>\n<td><\/td>\n<td><\/td>\n<td><\/td>\n<\/tr>\n<\/tbody>\n<\/table>\n<p>&nbsp;<\/p>\n","protected":false},"excerpt":{"rendered":"<p>I 2011 satte lurarevyen opp forestillingen &laquo;HuMor &amp; Di &#8211; Mot nye h\u00f8yder!&raquo;. Forestillingen gikk for fulle hus alle 8 forestillingene. Denne gangen har vi gjort videoer av de fleste nummerene tilgjengelig p\u00e5 nettet, s\u00e5 dersom du gikk glipp av denne forestillingen, eller bare \u00f8nsker \u00e5 se noen av nummerene igjen, kan du klikke p\u00e5 &hellip; <\/p>\n<p class=\"link-more\"><a href=\"https:\/\/lurarevyen.no\/?page_id=22\" class=\"more-link\">Fortsett \u00e5 lese<span class=\"screen-reader-text\"> \u00ab2011\u00bb<\/span><\/a><\/p>\n","protected":false},"author":1,"featured_media":0,"parent":18,"menu_order":17,"comment_status":"closed","ping_status":"open","template":"","meta":{"footnotes":""},"class_list":["post-22","page","type-page","status-publish","hentry"],"_links":{"self":[{"href":"https:\/\/lurarevyen.no\/index.php?rest_route=\/wp\/v2\/pages\/22","targetHints":{"allow":["GET"]}}],"collection":[{"href":"https:\/\/lurarevyen.no\/index.php?rest_route=\/wp\/v2\/pages"}],"about":[{"href":"https:\/\/lurarevyen.no\/index.php?rest_route=\/wp\/v2\/types\/page"}],"author":[{"embeddable":true,"href":"https:\/\/lurarevyen.no\/index.php?rest_route=\/wp\/v2\/users\/1"}],"replies":[{"embeddable":true,"href":"https:\/\/lurarevyen.no\/index.php?rest_route=%2Fwp%2Fv2%2Fcomments&post=22"}],"version-history":[{"count":5,"href":"https:\/\/lurarevyen.no\/index.php?rest_route=\/wp\/v2\/pages\/22\/revisions"}],"predecessor-version":[{"id":188,"href":"https:\/\/lurarevyen.no\/index.php?rest_route=\/wp\/v2\/pages\/22\/revisions\/188"}],"up":[{"embeddable":true,"href":"https:\/\/lurarevyen.no\/index.php?rest_route=\/wp\/v2\/pages\/18"}],"wp:attachment":[{"href":"https:\/\/lurarevyen.no\/index.php?rest_route=%2Fwp%2Fv2%2Fmedia&parent=22"}],"curies":[{"name":"wp","href":"https:\/\/api.w.org\/{rel}","templated":true}]}}