{"id":25,"date":"2012-05-29T21:13:04","date_gmt":"2012-05-29T19:13:04","guid":{"rendered":"http:\/\/lurarevyen.no\/wordpress\/?page_id=25"},"modified":"2012-10-08T19:16:45","modified_gmt":"2012-10-08T17:16:45","slug":"2010-2","status":"publish","type":"page","link":"https:\/\/lurarevyen.no\/?page_id=25","title":{"rendered":"2010"},"content":{"rendered":"<p><a href=\"http:\/\/lurarevyen.no\/wordpress\/wp-content\/uploads\/2012\/05\/Plakat_2010.jpg\"><img loading=\"lazy\" decoding=\"async\" class=\"alignnone size-medium wp-image-189\" title=\"Plakat_2010\" src=\"http:\/\/lurarevyen.no\/wordpress\/wp-content\/uploads\/2012\/05\/Plakat_2010-212x300.jpg\" alt=\"\" width=\"212\" height=\"300\" \/><\/a><\/p>\n<p>Revyen i 2010, Klar &#8211; Ferdig &#8211; N\u00e5! ble sett av 1660 personer.<\/p>\n<p>&nbsp;<\/p>\n<table width=\"821\" border=\"0\">\n<tbody>\n<tr>\n<td>Alle fuglerAvslutning HeimBilkj\u00f8per med sm\u00e5 behov<\/p>\n<p>Dansesvin<\/p>\n<p>E 39<\/p>\n<p>Edrutrollet<\/p>\n<p>Feber<\/p>\n<p>Humorvikarane<\/p>\n<p>H\u00f8n\u00e5 og egget<\/p>\n<p>Jakten p\u00e5 kj\u00e6rligeten<\/p>\n<p>Kjenne du meg ikkje igjen<\/p>\n<p>Klimakrisen<\/p>\n<p>Krisen<\/p>\n<p>Nede p\u00e5 stasjonen<\/p>\n<p>Om 2 mnd<\/p>\n<p>P\u00e5 telefon med hu heima<\/p>\n<p>Queen Medley<\/p>\n<p>Rett etter \u00e5pningen<\/p>\n<p>Stripene<\/p>\n<p>Blind date<\/p>\n<p>Tollef og Olga<\/p>\n<p>Treningsmedley<\/p>\n<p>\u00c5pning<\/td>\n<td>S\u00f8lvi &amp; \u00d8yvindAlleMette, Trond &amp; Tore<\/p>\n<p>Stein Rune, S\u00f8lvi, Mettte, Tore, Heidi, Wenche, Gry<\/p>\n<p>John, Nina,May Lis, Wenche, \u00d8yvind, Heidi, Stein Rune<\/p>\n<p>Gry<\/p>\n<p>John, May Lis, Nina, Heidi, \u00d8yvind<\/p>\n<p>Mette &amp; May Lis<\/p>\n<p>Stein Rune, Wenche og Heidi<\/p>\n<p>Nina, Heidi, Gry , May Lis &amp; Tore<\/p>\n<p>Wenche, Stein Rune &amp; Gry<\/p>\n<p>Heidi &amp; Stein Rune, John og May Lis<\/p>\n<p>Nina &amp; Tore<\/p>\n<p>Nina, Mette, S\u00f8lvi, Tore &amp; \u00d8yvind<\/p>\n<p>Wenche, Trond &amp; Tore<\/p>\n<p>John<\/p>\n<p>May Lis, Heidi, Nina, Mette, Gry, Tore,Stein Rune &amp;\u00a0 John<\/p>\n<p>S\u00f8lvi, Trond &amp; \u00d8yvind<\/p>\n<p>S\u00f8lvi &amp; Nina<\/p>\n<p>Wenche, Mette &amp; Trond<\/p>\n<p>S\u00f8lvi &amp; \u00d8yvind og Trond<\/p>\n<p>Wenche, Trond, John, Gry, May Lis, Heidi<\/p>\n<p>Alle<\/td>\n<\/tr>\n<\/tbody>\n<\/table>\n","protected":false},"excerpt":{"rendered":"<p>Revyen i 2010, Klar &#8211; Ferdig &#8211; N\u00e5! ble sett av 1660 personer. &nbsp; Alle fuglerAvslutning HeimBilkj\u00f8per med sm\u00e5 behov Dansesvin E 39 Edrutrollet Feber Humorvikarane H\u00f8n\u00e5 og egget Jakten p\u00e5 kj\u00e6rligeten Kjenne du meg ikkje igjen Klimakrisen Krisen Nede p\u00e5 stasjonen Om 2 mnd P\u00e5 telefon med hu heima Queen Medley Rett etter \u00e5pningen &hellip; <\/p>\n<p class=\"link-more\"><a href=\"https:\/\/lurarevyen.no\/?page_id=25\" class=\"more-link\">Fortsett \u00e5 lese<span class=\"screen-reader-text\"> \u00ab2010\u00bb<\/span><\/a><\/p>\n","protected":false},"author":1,"featured_media":0,"parent":18,"menu_order":16,"comment_status":"closed","ping_status":"open","template":"","meta":{"footnotes":""},"class_list":["post-25","page","type-page","status-publish","hentry"],"_links":{"self":[{"href":"https:\/\/lurarevyen.no\/index.php?rest_route=\/wp\/v2\/pages\/25","targetHints":{"allow":["GET"]}}],"collection":[{"href":"https:\/\/lurarevyen.no\/index.php?rest_route=\/wp\/v2\/pages"}],"about":[{"href":"https:\/\/lurarevyen.no\/index.php?rest_route=\/wp\/v2\/types\/page"}],"author":[{"embeddable":true,"href":"https:\/\/lurarevyen.no\/index.php?rest_route=\/wp\/v2\/users\/1"}],"replies":[{"embeddable":true,"href":"https:\/\/lurarevyen.no\/index.php?rest_route=%2Fwp%2Fv2%2Fcomments&post=25"}],"version-history":[{"count":6,"href":"https:\/\/lurarevyen.no\/index.php?rest_route=\/wp\/v2\/pages\/25\/revisions"}],"predecessor-version":[{"id":190,"href":"https:\/\/lurarevyen.no\/index.php?rest_route=\/wp\/v2\/pages\/25\/revisions\/190"}],"up":[{"embeddable":true,"href":"https:\/\/lurarevyen.no\/index.php?rest_route=\/wp\/v2\/pages\/18"}],"wp:attachment":[{"href":"https:\/\/lurarevyen.no\/index.php?rest_route=%2Fwp%2Fv2%2Fmedia&parent=25"}],"curies":[{"name":"wp","href":"https:\/\/api.w.org\/{rel}","templated":true}]}}