{"id":28,"date":"2012-05-29T21:13:54","date_gmt":"2012-05-29T19:13:54","guid":{"rendered":"http:\/\/lurarevyen.no\/wordpress\/?page_id=28"},"modified":"2015-04-16T07:49:41","modified_gmt":"2015-04-16T05:49:41","slug":"2009-2","status":"publish","type":"page","link":"https:\/\/lurarevyen.no\/?page_id=28","title":{"rendered":"2009"},"content":{"rendered":"<p><a href=\"http:\/\/lurarevyen.no\/wordpress\/wp-content\/uploads\/2012\/05\/rammet.jpg\"><img loading=\"lazy\" decoding=\"async\" class=\"alignleft size-medium wp-image-191\" title=\"rammet\" src=\"http:\/\/lurarevyen.no\/wordpress\/wp-content\/uploads\/2012\/05\/rammet-212x300.jpg\" alt=\"\" width=\"212\" height=\"300\" \/><\/a><\/p>\n<p>Fantastisk !!!<br \/>\nVelkommen til forestillingen &laquo;Rammet av latter&raquo; Jeg har fundert over hva som gj\u00f8r at vi er s\u00e5 heldige at vi spiller revy hvert \u00e5r og med fullsatt sal? Jeg er ydrnyk for dette og vet at det slett ikke er noen selv\u00adf\u00f8lge.<br \/>\nDet f\u00f8rste som m\u00e5 til er et knippe med entusiaster som er villige til \u00e5 ofre store deler av sin fritid til \u00f8ving, tekstskriving, utdeling av flyers, pugging av tekst osv&#8230; osv. .. Det er i grunnen det minste problemet. De fleste medlemmene har v\u00e6rt med i mange \u00e5r, noen i hele 15 \u00e5r, og de som er nye kommer sikkert til a\u00e5 v\u00e6re med i like lenge.<br \/>\nS\u00e5 m\u00e5 man ha en plass \u00e5 v\u00e6re. Vi er utrolig heldige som f\u00e5r ha v\u00e5rt tilholdsted her p\u00e5 bydelshuset pa Lura, for maken til service og velvilje fra ledelsen og husverten skal du lete lenge etter. Dette samar\u00adbeidet gj\u00f8r at ting g\u00e5r lett og vi har et naturlig samlingspunkt.<br \/>\nInstrukt\u00f8ren er viktig og er den personen som har regi og setter hele forestillingen i system. Vi er sv\u00e6rt heldige som ogs\u00e5 i \u00e5r har f\u00e5tt med oss Trond Hanssen som instrukt\u00f8r. Han er en utrolig inspirerende per\u00adson og har tatt gruppen var et steg videre. Vi har l\u00e6rt mye som vi tar med oss videre til fremtidige revyer. Lurarevyen fortjener en instrukt\u00f8r av hans kaliber.<br \/>\nMen det viktigste av alt er publikum, for hva er vel en revy uten publikum?? Igjen er vi hel\u00addige som har akkurat deg i salen. Du har en viktig rolle. Vi ser at mange publikummere og sponsorer kommer igjen \u00e5r etter \u00e5r, og dette gleder oss enormt. Er du her for f\u00f8rste gang s\u00e5 h\u00e5per vi \u00e5 se deg igjen til neste \u00e5r. Vi tar publikum pa alvor, Iytter til tilbakemeldinger og har fokus p\u00e5 \u00e5 levere det vi tror dere vil ha. Kanskje det er grunnen til at vi kan sette opp revy \u00e5r etter \u00e5r??<br \/>\nTakk kj\u00e6re publikum for et godt samarbeid. Len deg tilbake og la deg bli &laquo;Rammet av latter&raquo;.<\/p>\n<p>&nbsp;<\/p>\n<table width=\"600\" border=\"0\">\n<tbody>\n<tr>\n<td width=\"187\"><strong>Revynummer<\/strong><\/td>\n<td width=\"253\"><strong>Roller<\/strong><\/td>\n<td width=\"138\"><strong>Tekst<\/strong><\/td>\n<\/tr>\n<tr>\n<td><strong>Velkommen<\/strong><\/td>\n<td>Alle<\/td>\n<td>Peggy<\/td>\n<\/tr>\n<tr>\n<td><strong>P\u00e5 revy<\/strong><\/td>\n<td>Trond, \u00d8yvind, S\u00f8lvi<\/td>\n<td>Peggy<\/td>\n<\/tr>\n<tr>\n<td><strong>Sjalusidrama<\/strong><\/td>\n<td>Heidi, Inger Johanne, May-Lis,<br \/>\nTore, Gry, Wenche , Stein Rune, John<\/td>\n<td>Heidi<\/td>\n<\/tr>\n<tr>\n<td><strong>Travel hjemmev\u00e6rende<\/strong><\/td>\n<td>Nina, Tore<\/td>\n<td>Nina<\/td>\n<\/tr>\n<tr>\n<td><strong>E.D.D.<\/strong><\/td>\n<td>Trond, \u00d8yvind<\/td>\n<td>Trond Hanssen<\/td>\n<\/tr>\n<tr>\n<td><strong>Heilt tilfeldigt<\/strong><\/td>\n<td>Heidi, Inger Johanne,<br \/>\nStein Rune, John<\/td>\n<td>Trond Hanssen<\/td>\n<\/tr>\n<tr>\n<td><strong>Heia Lura<\/strong><\/td>\n<td>Heidi, S\u00f8lvi, Wenche, Nina, Trond<\/td>\n<td>Morten Lorentzen\/<br \/>\nHeidi<\/td>\n<\/tr>\n<tr>\n<td><strong>Ikea<\/strong><\/td>\n<td>John, Gry, Stein Rune, Tore,<br \/>\nMay-Lis, \u00d8yvind<\/td>\n<td>Torstein Tvinnereim<\/td>\n<\/tr>\n<tr>\n<td><strong>Guidet tur i Sandnes<\/strong><\/td>\n<td>Trond, Wenche, Heidi,<br \/>\nInger Johanne, Nina, Tore<\/td>\n<td>\u00d8ivind S. \/ Peggy<\/td>\n<\/tr>\n<tr>\n<td><\/td>\n<td>S\u00f8lvi<\/td>\n<td><\/td>\n<\/tr>\n<tr>\n<td><strong>MC T\u00f8ffelhelter<\/strong><\/td>\n<td>John, Tore<\/td>\n<td>\u00d8ivind S.<\/td>\n<\/tr>\n<tr>\n<td><strong>Synkronsv\u00f8mming<\/strong><\/td>\n<td>Wenche, Inger Johanne, May-Lis, Gry<\/td>\n<td>Koreografi Wenche<\/td>\n<\/tr>\n<tr>\n<td><strong>Fiffen p\u00e5 bes\u00f8k<\/strong><\/td>\n<td>Nina, Gry<\/td>\n<td>Peggy<\/td>\n<\/tr>\n<tr>\n<td><strong>Evighetsprosjektet<\/strong><\/td>\n<td>Stein Rune, Heidi, \u00d8yvind, Inger Johanne<br \/>\nWenche, S\u00f8lvi, Tore, John, Trond<\/td>\n<td>\u00d8ivind S.<\/td>\n<\/tr>\n<tr>\n<td><strong><br \/>\n<\/strong><\/td>\n<td>May-Lis , Gry<\/td>\n<td>Peggy<\/td>\n<\/tr>\n<tr>\n<td><strong>Maneter<\/strong><\/td>\n<td>Wenche, Inger Johanne, Nina, S\u00f8lvi,<br \/>\nHeidi, Trond, John<\/td>\n<td>Heljar Berge<\/td>\n<\/tr>\n<tr>\n<td><strong>En uutnyttet ressurs<\/strong><\/td>\n<td>Tore, May-Lis<\/td>\n<td>\u00d8yvind Angeltveit<\/td>\n<\/tr>\n<tr>\n<td><strong>Eit Stavstev<\/strong><\/td>\n<td>Stein Rune, Trond, Gry, Inger Johanne,<br \/>\nNina , Heidi, John<\/td>\n<td>Trond Hanssen<\/td>\n<\/tr>\n<tr>\n<td><strong>Takk for sist<\/strong><\/td>\n<td>S\u00f8lvi, \u00d8yvind<\/td>\n<td>Sigmund Kveli<\/td>\n<\/tr>\n<tr>\n<td><strong>Litt i baddel<\/strong><\/td>\n<td>May-Lis, Wenche, John, Stein Rune,<br \/>\nTrond, Tore<\/td>\n<td>May-Lis, Nina<\/td>\n<\/tr>\n<tr>\n<td><strong>Renter<\/strong><\/td>\n<td>\u00d8yvind<\/td>\n<td>Erik Halland<\/td>\n<\/tr>\n<tr>\n<td><strong>Flosongen<\/strong><\/td>\n<td>Stein Rune, Heidi , John, May-Lis,<br \/>\nTore, Gry, Inger Johanne, Nina, Wenche<\/td>\n<td>Per \u00d8ren<\/td>\n<\/tr>\n<tr>\n<td><strong>O L te Dalen<\/strong><\/td>\n<td>S\u00f8lvi , \u00d8yvind<\/td>\n<td>Peggy, S\u00f8lvi, \u00d8yvind<\/td>\n<\/tr>\n<tr>\n<td><strong>Ha en str\u00e5lande kveld<\/strong><\/td>\n<td>Aile<\/td>\n<td>Peggy<\/td>\n<\/tr>\n<\/tbody>\n<\/table>\n<p>&nbsp;<\/p>\n<h3>Presseomtaler:<\/h3>\n<p>Sandnesposten:\u00a0<a href=\"http:\/\/www.sandnesposten.no\/modules\/module_123\/proxy.asp?C=132&amp;I=31568&amp;D=2&amp;mid=87\">Lura rammes av latter<\/a><\/p>\n","protected":false},"excerpt":{"rendered":"<p>Fantastisk !!! Velkommen til forestillingen &laquo;Rammet av latter&raquo; Jeg har fundert over hva som gj\u00f8r at vi er s\u00e5 heldige at vi spiller revy hvert \u00e5r og med fullsatt sal? Jeg er ydrnyk for dette og vet at det slett ikke er noen selv\u00adf\u00f8lge. Det f\u00f8rste som m\u00e5 til er et knippe med entusiaster som &hellip; <\/p>\n<p class=\"link-more\"><a href=\"https:\/\/lurarevyen.no\/?page_id=28\" class=\"more-link\">Fortsett \u00e5 lese<span class=\"screen-reader-text\"> \u00ab2009\u00bb<\/span><\/a><\/p>\n","protected":false},"author":1,"featured_media":0,"parent":18,"menu_order":15,"comment_status":"closed","ping_status":"open","template":"","meta":{"footnotes":""},"class_list":["post-28","page","type-page","status-publish","hentry"],"_links":{"self":[{"href":"https:\/\/lurarevyen.no\/index.php?rest_route=\/wp\/v2\/pages\/28","targetHints":{"allow":["GET"]}}],"collection":[{"href":"https:\/\/lurarevyen.no\/index.php?rest_route=\/wp\/v2\/pages"}],"about":[{"href":"https:\/\/lurarevyen.no\/index.php?rest_route=\/wp\/v2\/types\/page"}],"author":[{"embeddable":true,"href":"https:\/\/lurarevyen.no\/index.php?rest_route=\/wp\/v2\/users\/1"}],"replies":[{"embeddable":true,"href":"https:\/\/lurarevyen.no\/index.php?rest_route=%2Fwp%2Fv2%2Fcomments&post=28"}],"version-history":[{"count":5,"href":"https:\/\/lurarevyen.no\/index.php?rest_route=\/wp\/v2\/pages\/28\/revisions"}],"predecessor-version":[{"id":662,"href":"https:\/\/lurarevyen.no\/index.php?rest_route=\/wp\/v2\/pages\/28\/revisions\/662"}],"up":[{"embeddable":true,"href":"https:\/\/lurarevyen.no\/index.php?rest_route=\/wp\/v2\/pages\/18"}],"wp:attachment":[{"href":"https:\/\/lurarevyen.no\/index.php?rest_route=%2Fwp%2Fv2%2Fmedia&parent=28"}],"curies":[{"name":"wp","href":"https:\/\/api.w.org\/{rel}","templated":true}]}}