{"id":39,"date":"2012-05-30T23:32:48","date_gmt":"2012-05-30T21:32:48","guid":{"rendered":"http:\/\/lurarevyen.no\/wordpress\/?page_id=39"},"modified":"2016-12-01T09:34:43","modified_gmt":"2016-12-01T08:34:43","slug":"1995-2","status":"publish","type":"page","link":"https:\/\/lurarevyen.no\/?page_id=39","title":{"rendered":"1995"},"content":{"rendered":"<p>&nbsp;<\/p>\n<table border=\"0\" width=\"473\" cellspacing=\"0\" cellpadding=\"0\">\n<tbody>\n<tr>\n<td>\n<div align=\"center\">\n<h3 align=\"left\">Kva D\u00e5<\/h3>\n<p><a href=\"http:\/\/lurarevyen.no\/lurarevyen\/wp-content\/uploads\/2012\/05\/kva_daa.gif\"><img loading=\"lazy\" decoding=\"async\" class=\"alignnone size-full wp-image-891\" src=\"http:\/\/lurarevyen.no\/lurarevyen\/wp-content\/uploads\/2012\/05\/kva_daa.gif\" alt=\"kva_daa\" width=\"127\" height=\"201\" \/><\/a><\/p>\n<\/div>\n<\/td>\n<\/tr>\n<tr>\n<td>Hva gjorde en gjeng med PR-k\u00e5te voksne folk p\u00e5 Lura i 1995? Vi startet en revygruppe!!! Vi ropte etter flere folk i &laquo;Luringen&raquo; og flere kom til. Men hva laget vi revy om? Jo, den st\u00f8rste turistattraksjonen vi har her i distriktet; KVADRAT. Mye &laquo;lott og l\u00f8ye&raquo; ble det!Men hvem var den strenge instrukt\u00f8ren som str\u00f8k nesten alt, og ba oss dra dit pepperen gror hvis vi v\u00e5get oss feil inn p\u00e5 scenen? Jodet var Elisabeth Vervik. Men hva ellers kunne hun gj\u00f8re med en gjeng amat\u00f8rer som trodde de kunne dette med revy? Vi er alle skj\u00f8nt enige den dag i dag, at det kunne vi ikke.<\/p>\n<p>Premieredagen kom og den var utsolgt til venner, familie og kjente. Forventningene var derfor stor til l\u00f8rdagens forestilling. Men akk og ve, hvem var de &laquo;stakkars&raquo; 10 sjelene som hadde billetter? Panikken grep oss og vi hev oss over telefonen til publikum fra g\u00e5rsdagens oppsetting. &laquo;Gratis billetter til dem som kommer i dag ogs\u00e5&raquo; lokket vi med . Men hvem av oss i revyen la vel merke til at det sto 1. april p\u00e5 kalenderen&#8230;<\/td>\n<\/tr>\n<tr>\n<td>\n<table border=\"0\" width=\"471\" cellspacing=\"0\" cellpadding=\"0\">\n<tbody>\n<tr>\n<td>\n<h5>REVYNUMMER:<\/h5>\n<\/td>\n<td>\n<h5>ROLLER:<\/h5>\n<\/td>\n<\/tr>\n<tr>\n<td><\/td>\n<td><\/td>\n<\/tr>\n<tr>\n<td><strong>\u00c5PNINGSSANG<\/strong><\/td>\n<td><\/td>\n<\/tr>\n<tr>\n<td>Sang: Peggy<\/td>\n<td>Alle<\/td>\n<\/tr>\n<tr>\n<td><\/td>\n<td><\/td>\n<\/tr>\n<tr>\n<td><strong>ST\u00d8PERIET<\/strong><\/td>\n<td><\/td>\n<\/tr>\n<tr>\n<td>Sang: Hans Jakob<\/td>\n<td>Hans Jakob<\/td>\n<\/tr>\n<tr>\n<td><\/td>\n<td><\/td>\n<\/tr>\n<tr>\n<td><strong>PENGEGALLOPPEN<\/strong><\/td>\n<td><\/td>\n<\/tr>\n<tr>\n<td>Sang: Peggy<\/td>\n<td>S\u00f8lvi, Rita, Anita, Birthe, Siri<\/td>\n<\/tr>\n<tr>\n<td><\/td>\n<td><\/td>\n<\/tr>\n<tr>\n<td><strong>INFORMASJONEN<\/strong><\/td>\n<td><\/td>\n<\/tr>\n<tr>\n<td>Tekst: Aud, Peggy og S\u00f8lvi<\/td>\n<td>Anne Brit<\/td>\n<\/tr>\n<tr>\n<td><\/td>\n<td><\/td>\n<\/tr>\n<tr>\n<td><strong>LURE RADIO 1<\/strong><\/td>\n<td><\/td>\n<\/tr>\n<tr>\n<td>Tekst: Odd Magne<\/td>\n<td>Gerd og Liv Janne<\/td>\n<\/tr>\n<tr>\n<td><\/td>\n<td><\/td>\n<\/tr>\n<tr>\n<td><strong>DE PENE<\/strong><\/td>\n<td><\/td>\n<\/tr>\n<tr>\n<td>Sang: Peggy<\/td>\n<td>Marianne og Rita<\/td>\n<\/tr>\n<tr>\n<td><\/td>\n<td><\/td>\n<\/tr>\n<tr>\n<td><strong>SECURITAS<\/strong><\/td>\n<td><\/td>\n<\/tr>\n<tr>\n<td>Sang: Peggy<\/td>\n<td>Aud, Hans Jakob, Nina<\/td>\n<\/tr>\n<tr>\n<td><\/td>\n<td><\/td>\n<\/tr>\n<tr>\n<td><strong>SKILT<\/strong><\/td>\n<td><\/td>\n<\/tr>\n<tr>\n<td>Tekst: Elisabet<\/td>\n<td>\u00d8yvind og Odd Magne<\/td>\n<\/tr>\n<tr>\n<td><\/td>\n<td><\/td>\n<\/tr>\n<tr>\n<td><strong>H\u00c5RFIN<\/strong><\/td>\n<td><\/td>\n<\/tr>\n<tr>\n<td>Tekst: Aud<\/td>\n<td>Anne May<\/td>\n<\/tr>\n<tr>\n<td><img loading=\"lazy\" decoding=\"async\" src=\"file:\/\/\/D:\/Mine%20dokumenter\/WEB\/Lura%20revyteater\/Filer_for_kva_daa\/kile.gif\" alt=\"\" width=\"5\" height=\"10\" border=\"0\" \/><\/td>\n<td><\/td>\n<\/tr>\n<tr>\n<td><strong>BERTA OG OVI<\/strong><\/td>\n<td><\/td>\n<\/tr>\n<tr>\n<td>Tekst: Odd Magne<\/td>\n<td>Thomas og Anna<\/td>\n<\/tr>\n<tr>\n<td><\/td>\n<td><\/td>\n<\/tr>\n<tr>\n<td><strong>PENSJONISTER<\/strong><\/td>\n<td><\/td>\n<\/tr>\n<tr>\n<td>Tekst\/oversettelse: Thomas<\/td>\n<td>Odd Magne og Hans Jakob<\/td>\n<\/tr>\n<tr>\n<td><img loading=\"lazy\" decoding=\"async\" src=\"file:\/\/\/D:\/Mine%20dokumenter\/WEB\/Lura%20revyteater\/Filer_for_kva_daa\/kile.gif\" alt=\"\" width=\"5\" height=\"10\" border=\"0\" \/><\/td>\n<td><\/td>\n<\/tr>\n<tr>\n<td><strong>SOLFAKTOR<\/strong><\/td>\n<td><\/td>\n<\/tr>\n<tr>\n<td>Tekst: Aud \/ Sang: Peggy<\/td>\n<td>S\u00f8lvi<\/td>\n<\/tr>\n<tr>\n<td><\/td>\n<td><\/td>\n<\/tr>\n<tr>\n<td><strong>INFORMASJONEN<\/strong><\/td>\n<td><\/td>\n<\/tr>\n<tr>\n<td>Tekst: Aud, Peggy og S\u00f8lvi<\/td>\n<td>Anne Brit<\/td>\n<\/tr>\n<tr>\n<td><img loading=\"lazy\" decoding=\"async\" src=\"file:\/\/\/D:\/Mine%20dokumenter\/WEB\/Lura%20revyteater\/Filer_for_kva_daa\/kile.gif\" alt=\"\" width=\"5\" height=\"10\" border=\"0\" \/><\/td>\n<td><\/td>\n<\/tr>\n<tr>\n<td><strong>PENGEGALLOPPEN<\/strong><\/td>\n<td><\/td>\n<\/tr>\n<tr>\n<td>Sang: Peggy<\/td>\n<td>S\u00f8lvi, Rita, Birthe, Siri og Anita<\/td>\n<\/tr>\n<tr>\n<td><\/td>\n<td><\/td>\n<\/tr>\n<tr>\n<td><strong>LURE RADIO II<\/strong><\/td>\n<td><\/td>\n<\/tr>\n<tr>\n<td>Tekst: Odd Magne<\/td>\n<td>Gerd og Marianne<\/td>\n<\/tr>\n<tr>\n<td><img loading=\"lazy\" decoding=\"async\" src=\"file:\/\/\/D:\/Mine%20dokumenter\/WEB\/Lura%20revyteater\/Filer_for_kva_daa\/kile.gif\" alt=\"\" width=\"5\" height=\"10\" border=\"0\" \/><\/td>\n<td><\/td>\n<\/tr>\n<tr>\n<td><strong>SILIKON<\/strong><\/td>\n<td><\/td>\n<\/tr>\n<tr>\n<td>Sang: Peggy<\/td>\n<td>Liv Janne, Jane og Anne Brit<\/td>\n<\/tr>\n<tr>\n<td><\/td>\n<td><\/td>\n<\/tr>\n<tr>\n<td>SLADDER<\/td>\n<td><\/td>\n<\/tr>\n<tr>\n<td>Tekst: Aud<\/td>\n<td>Aud og S\u00f8lvi<\/td>\n<\/tr>\n<tr>\n<td><\/td>\n<td><\/td>\n<\/tr>\n<tr>\n<td>LURA TURN<\/td>\n<td><\/td>\n<\/tr>\n<tr>\n<td>Sang: Peggy<\/td>\n<td>Suzanne, Anne May, Anna, Siri og Jane<\/td>\n<\/tr>\n<tr>\n<td><\/td>\n<td><\/td>\n<\/tr>\n<tr>\n<td><strong>INFORMASJONEN<\/strong><\/td>\n<td><\/td>\n<\/tr>\n<tr>\n<td>Tekst: Aud, Peggy og S\u00f8lvi<\/td>\n<td>Anne Brit<\/td>\n<\/tr>\n<tr>\n<td><\/td>\n<td><\/td>\n<\/tr>\n<tr>\n<td><strong>OL\u00c8<\/strong><\/td>\n<td><\/td>\n<\/tr>\n<tr>\n<td>Sang: Peggy<\/td>\n<td>Thomas, Birthe, Siri, Jane, Anna, Anne May<\/td>\n<\/tr>\n<tr>\n<td><\/td>\n<td><\/td>\n<\/tr>\n<tr>\n<td><strong>STIMULATOR<\/strong><\/td>\n<td><\/td>\n<\/tr>\n<tr>\n<td>Tekst: Hans Jakob<\/td>\n<td>Nina og Rita<\/td>\n<\/tr>\n<tr>\n<td><\/td>\n<td><\/td>\n<\/tr>\n<tr>\n<td><strong>EDWIS<\/strong><\/td>\n<td><\/td>\n<\/tr>\n<tr>\n<td>Sang: Peggy<\/td>\n<td>Liv Janne<\/td>\n<\/tr>\n<tr>\n<td><\/td>\n<td><\/td>\n<\/tr>\n<tr>\n<td><strong>MANNEKENGOPPVISNING<\/strong><\/td>\n<td><\/td>\n<\/tr>\n<tr>\n<td>Tekst: Elisabet<\/td>\n<td>Einar, Hans Jakob, Thomas og Nina<\/td>\n<\/tr>\n<tr>\n<td><\/td>\n<td><\/td>\n<\/tr>\n<tr>\n<td><strong>DU M\u00c5\u00b4KKJE KOMMA HER..<\/strong><\/td>\n<td><\/td>\n<\/tr>\n<tr>\n<td>Tekst: Odd Magne<\/td>\n<td>Suzanne, Odd Magne og \u00d8yvind<\/td>\n<\/tr>\n<tr>\n<td><\/td>\n<td><\/td>\n<\/tr>\n<tr>\n<td><strong>FINALE<\/strong><\/td>\n<td><\/td>\n<\/tr>\n<tr>\n<td>Sang: Peggy<\/td>\n<td>Alle<\/td>\n<\/tr>\n<\/tbody>\n<\/table>\n<\/td>\n<\/tr>\n<\/tbody>\n<\/table>\n","protected":false},"excerpt":{"rendered":"<p>&nbsp; Kva D\u00e5 Hva gjorde en gjeng med PR-k\u00e5te voksne folk p\u00e5 Lura i 1995? Vi startet en revygruppe!!! Vi ropte etter flere folk i &laquo;Luringen&raquo; og flere kom til. Men hva laget vi revy om? Jo, den st\u00f8rste turistattraksjonen vi har her i distriktet; KVADRAT. Mye &laquo;lott og l\u00f8ye&raquo; ble det!Men hvem var den &hellip; <\/p>\n<p class=\"link-more\"><a href=\"https:\/\/lurarevyen.no\/?page_id=39\" class=\"more-link\">Fortsett \u00e5 lese<span class=\"screen-reader-text\"> \u00ab1995\u00bb<\/span><\/a><\/p>\n","protected":false},"author":1,"featured_media":0,"parent":18,"menu_order":1,"comment_status":"closed","ping_status":"open","template":"","meta":{"footnotes":""},"class_list":["post-39","page","type-page","status-publish","hentry"],"_links":{"self":[{"href":"https:\/\/lurarevyen.no\/index.php?rest_route=\/wp\/v2\/pages\/39","targetHints":{"allow":["GET"]}}],"collection":[{"href":"https:\/\/lurarevyen.no\/index.php?rest_route=\/wp\/v2\/pages"}],"about":[{"href":"https:\/\/lurarevyen.no\/index.php?rest_route=\/wp\/v2\/types\/page"}],"author":[{"embeddable":true,"href":"https:\/\/lurarevyen.no\/index.php?rest_route=\/wp\/v2\/users\/1"}],"replies":[{"embeddable":true,"href":"https:\/\/lurarevyen.no\/index.php?rest_route=%2Fwp%2Fv2%2Fcomments&post=39"}],"version-history":[{"count":4,"href":"https:\/\/lurarevyen.no\/index.php?rest_route=\/wp\/v2\/pages\/39\/revisions"}],"predecessor-version":[{"id":892,"href":"https:\/\/lurarevyen.no\/index.php?rest_route=\/wp\/v2\/pages\/39\/revisions\/892"}],"up":[{"embeddable":true,"href":"https:\/\/lurarevyen.no\/index.php?rest_route=\/wp\/v2\/pages\/18"}],"wp:attachment":[{"href":"https:\/\/lurarevyen.no\/index.php?rest_route=%2Fwp%2Fv2%2Fmedia&parent=39"}],"curies":[{"name":"wp","href":"https:\/\/api.w.org\/{rel}","templated":true}]}}