{"id":49,"date":"2012-05-30T23:39:47","date_gmt":"2012-05-30T21:39:47","guid":{"rendered":"http:\/\/lurarevyen.no\/wordpress\/?page_id=49"},"modified":"2016-12-01T09:33:01","modified_gmt":"2016-12-01T08:33:01","slug":"1997-2","status":"publish","type":"page","link":"https:\/\/lurarevyen.no\/?page_id=49","title":{"rendered":"1997"},"content":{"rendered":"<p><a href=\"http:\/\/lurarevyen.no\/lurarevyen\/wp-content\/uploads\/2012\/05\/engel.gif\"><img loading=\"lazy\" decoding=\"async\" class=\"alignnone size-full wp-image-887\" src=\"http:\/\/lurarevyen.no\/lurarevyen\/wp-content\/uploads\/2012\/05\/engel.gif\" alt=\"engel\" width=\"124\" height=\"201\" \/><\/a><\/p>\n<p>Det e&#8217;kje greit \u00e5 vera engel i dag!<\/p>\n<p>&laquo;Alle gode ting er tre&raquo; er det et ordtak som sier. Hva er det som gj\u00f8r at en gjeng oppeg\u00e5ende, normale voksne folk bruker helger og kvelder til \u00e5 sette opp den tredje revyen i rekken? Det er GLEDEN!!! S\u00e5, if\u00f8lge ordtaket, m\u00e5 dette bli en god revy.<\/p>\n<p>Selveste &laquo;fine meg&raquo; fra Stavanger Revyteater (Sigrun Eriksen) ble leid inn for \u00e5 hjelpe oss med dette. Skrivegruppen hev seg i tenkeboksen, og vips s\u00e5 kom det ut en hel haug med tekster. Glade og forn\u00f8yde reiste de inn til m\u00f8te med Sigrun. Som stilene fra ungdomsskolen endte tekstene opp med mange r\u00f8de streker og mye stryk. Men med friskt mot hev de seg i tenkeboksen igjen, og igjen, og igjen, og s\u00e5 ble det en ny revy. Hurra!<\/p>\n<p>Dette var jo tross alt den tredje revyen v\u00e5r, s\u00e5 n\u00e5 var det (if\u00f8lge Sigrun) p\u00e5 tide \u00e5 avansere. Dansetrinn etter dansetrinn ble inn\u00f8vd, og den ene stemmen etter den andre ble lagt p\u00e5 sangene. Hjelp&#8230;. n\u00e5 var det mange engler som begynte \u00e5 miste vingene. Alle mulige \u00f8vingslokaler ble tatt i bruk. Var vi ikke p\u00e5 Bydelshuset, s\u00e5 var vi i Br\u00f8dregata. Kunne du ikke finne englekoret, s\u00e5 var det bare \u00e5 ta en titt inn i dusjen. &laquo;Do You Get The Picture&raquo;?<\/p>\n<p>REVYNUMMER ROLLER<\/p>\n<p>VELKOMMEN<br \/>\nTekst: Peggy Alle<\/p>\n<p>BODYBUILDING<br \/>\nTekst: Peggy \u00d8yvind, Martin og John<\/p>\n<p>NEW AGE<br \/>\nTekst: D. Nordb\u00f8 Gerd<\/p>\n<p>UHELDIG<br \/>\nTekst: Peggy \u00c5smund<\/p>\n<p>NEI<br \/>\nTekst: J.A. S\u00e6grov og P.M. Kvammen Nina, Rita og Siri<\/p>\n<p>KARNEVAL Idar, S\u00f8lvi, Anne May,<br \/>\nTekst: P.M. Kvammen Ine, Siri og Liv Janne<\/p>\n<p>E DOR NOGEN S\u00c5 HAR?<br \/>\nTekst: Sigrun Arnhild (S\u00f8lvi)<\/p>\n<p>10-L\u00c5RS JUBILEUM<br \/>\nTekst: Idar S\u00f8lvi<\/p>\n<p>MILJ\u00d8SYKKELEN<br \/>\nTekst: Peggy Liv Janne<\/p>\n<p>SEDDA SJ\u00d8BEIN Odd Magne, Anne Brit, Idar,<br \/>\nTekst: Odd Magne Birthe, Anne May og Martin<\/p>\n<p>HYLLEST TE SOFAEN<br \/>\nTekst: Peggy John<\/p>\n<p>REVEN<br \/>\nTekst: Idar og Sigrun \u00d8yvind<\/p>\n<p>GUDLABADNET<br \/>\nTekst: Peggy Rita, Idar og \u00c5smund<\/p>\n<p>NABOK\u00c5N\u00c5<br \/>\nTekst: Peggy Anne Brit<\/p>\n<p>\u00c5PNE BARSKAP<br \/>\nTekst: Peggy \u00d8yvind<\/p>\n<p>E DOR NOGEN S\u00c5 HAR?<br \/>\nTekst: Sigrun Arnhild<\/p>\n<p>EN SPENNENDE DAG I STUEN<br \/>\nTekst: L. M\u00f8rkved Nina og Odd<\/p>\n<p>SYGE MANN Odd Magne, Rita, Martin,<br \/>\nTekst: Peggy Ine, Gerd, Anne May og Siri<\/p>\n<p>DET E&#8217;KJE GREIT \u00c5 VERA ENGEL I DAG Martin, Gerd, Ine, Anne May,<br \/>\nTekst: Peggy Siri, John og Liv Janne<\/p>\n<p>LULU<br \/>\nTekst: P.M. Kvammen Odd<\/p>\n<p>LURA VE OG VEL<br \/>\nTekst: Peggy og Idar Birthe<\/p>\n<p>SMULER SM\u00c5<br \/>\nTekst: G. V\u00e5land Sund Nina og Arnhild<\/p>\n<p>GYDA DI SYDA<br \/>\nTekst: Peggy S\u00f8lvi og Martin<\/p>\n<p>ONGANE TE ROVIG<br \/>\nTekst: Peggy S\u00f8lvi, Gerd + alle<\/p>\n<p>EN SPENNENDE DAG P\u00c5 LIGNINGSKONTORET<br \/>\nTekst: Odd Magne \u00c5smund og Liv Janne<\/p>\n<p>E DOR NOGEN S\u00c5 HAR?<br \/>\nTekst: Sigrun Arnhild og Ine<\/p>\n<p>RUSSATI\u00c5<br \/>\nTekst: Idar Idar, Birthe og Anne May<\/p>\n<p>EN SPENNENDE DAG P\u00c5 G\u00c5RDEN<br \/>\nTekst: \u00d8yvind \u00d8yvind og Ine<\/p>\n<p>SISTEMANN<br \/>\nTekst: Peggy John<\/p>\n<p>RAUARADDEL Idar, Martin, \u00d8yvind Odd,<br \/>\nTekst: Ensemblet Odd Magne, \u00c5smund og John<\/p>\n<p>I KONGENS KL\u00c6R<br \/>\nTekst: Peggy Nina, S\u00f8lvi, Siri og Anne Brit<\/p>\n<p>EN SPENNENDE DAG P\u00c5 RESTURANT<br \/>\nTekst: G. V\u00e5land Sund Odd Magne og Rita<\/p>\n<p>HA&#8217;DET<br \/>\nTekst: Sigrun Alle<\/p>\n","protected":false},"excerpt":{"rendered":"<p>Det e&#8217;kje greit \u00e5 vera engel i dag! &laquo;Alle gode ting er tre&raquo; er det et ordtak som sier. Hva er det som gj\u00f8r at en gjeng oppeg\u00e5ende, normale voksne folk bruker helger og kvelder til \u00e5 sette opp den tredje revyen i rekken? Det er GLEDEN!!! S\u00e5, if\u00f8lge ordtaket, m\u00e5 dette bli en god &hellip; <\/p>\n<p class=\"link-more\"><a href=\"https:\/\/lurarevyen.no\/?page_id=49\" class=\"more-link\">Fortsett \u00e5 lese<span class=\"screen-reader-text\"> \u00ab1997\u00bb<\/span><\/a><\/p>\n","protected":false},"author":1,"featured_media":0,"parent":18,"menu_order":3,"comment_status":"closed","ping_status":"open","template":"","meta":{"footnotes":""},"class_list":["post-49","page","type-page","status-publish","hentry"],"_links":{"self":[{"href":"https:\/\/lurarevyen.no\/index.php?rest_route=\/wp\/v2\/pages\/49","targetHints":{"allow":["GET"]}}],"collection":[{"href":"https:\/\/lurarevyen.no\/index.php?rest_route=\/wp\/v2\/pages"}],"about":[{"href":"https:\/\/lurarevyen.no\/index.php?rest_route=\/wp\/v2\/types\/page"}],"author":[{"embeddable":true,"href":"https:\/\/lurarevyen.no\/index.php?rest_route=\/wp\/v2\/users\/1"}],"replies":[{"embeddable":true,"href":"https:\/\/lurarevyen.no\/index.php?rest_route=%2Fwp%2Fv2%2Fcomments&post=49"}],"version-history":[{"count":4,"href":"https:\/\/lurarevyen.no\/index.php?rest_route=\/wp\/v2\/pages\/49\/revisions"}],"predecessor-version":[{"id":888,"href":"https:\/\/lurarevyen.no\/index.php?rest_route=\/wp\/v2\/pages\/49\/revisions\/888"}],"up":[{"embeddable":true,"href":"https:\/\/lurarevyen.no\/index.php?rest_route=\/wp\/v2\/pages\/18"}],"wp:attachment":[{"href":"https:\/\/lurarevyen.no\/index.php?rest_route=%2Fwp%2Fv2%2Fmedia&parent=49"}],"curies":[{"name":"wp","href":"https:\/\/api.w.org\/{rel}","templated":true}]}}