{"id":52,"date":"2012-05-30T23:40:50","date_gmt":"2012-05-30T21:40:50","guid":{"rendered":"http:\/\/lurarevyen.no\/wordpress\/?page_id=52"},"modified":"2016-12-01T09:33:53","modified_gmt":"2016-12-01T08:33:53","slug":"1998-2","status":"publish","type":"page","link":"https:\/\/lurarevyen.no\/?page_id=52","title":{"rendered":"1998"},"content":{"rendered":"<p><a href=\"http:\/\/lurarevyen.no\/lurarevyen\/wp-content\/uploads\/2012\/05\/naa_lura.gif\"><img loading=\"lazy\" decoding=\"async\" class=\"alignnone size-full wp-image-889\" src=\"http:\/\/lurarevyen.no\/lurarevyen\/wp-content\/uploads\/2012\/05\/naa_lura.gif\" alt=\"naa_lura\" width=\"124\" height=\"201\" \/><\/a><\/p>\n<table border=\"0\" width=\"473\" cellspacing=\"0\" cellpadding=\"0\">\n<tbody>\n<tr>\n<td>\n<div align=\"center\">\n<h3 align=\"left\">N\u00e5 kan du Lura!<\/h3>\n<\/div>\n<\/td>\n<\/tr>\n<tr>\n<td>I 1998 var det mange som lurte p\u00e5 noe. Men var det en ting vi ikke lurte p\u00e5, s\u00e5 var det om vi ville lage en ny revy &laquo;etter tre gode ting&raquo;. Hun Sigrun lure ogs\u00e5 p\u00e5 mye rart, som bl.a &laquo;koffer me riste n\u00e5r me ler?&raquo;! Men var det en ting hun ikke lurte p\u00e5, s\u00e5 var det om hun ville holde ut med den galne gjengen p\u00e5 Lura en gang til. Og slik ble det.Det er ganske mange som er med \u00e5 dra lasset n\u00e5r en revy skal lages, men er det en gruppe som skal f\u00e5 litt ekstra ros; s\u00e5 m\u00e5 det v\u00e6re tekstgruppa! Det er ikke f\u00e5 skrivere som har g\u00e5tt tomme for blekk opp igjennom \u00e5rene.<\/p>\n<p>Det er like spennende \u00e5 se om publikum ler og koser seg under forestillingene. Men en ting er sikkert, og det er at det er ganske mye lott og l\u00f8ye som skjer bak i kulissene. Men hva som skjer, ja det f\u00e5r du Lura p\u00e5.<\/td>\n<\/tr>\n<tr>\n<td>\n<table border=\"0\" width=\"470\" cellspacing=\"0\" cellpadding=\"0\">\n<tbody>\n<tr>\n<td>REVYNUMMER<\/td>\n<td>ROLLER<\/td>\n<\/tr>\n<tr>\n<td><\/td>\n<td><\/td>\n<\/tr>\n<tr>\n<td><strong>N\u00c5 KAN DU LURA<\/strong><\/td>\n<td><\/td>\n<\/tr>\n<tr>\n<td>Tekst: Peggy<\/td>\n<td>Ensemblet<\/td>\n<\/tr>\n<tr>\n<td><\/td>\n<td><\/td>\n<\/tr>\n<tr>\n<td><strong>S\u00c5G DOKKE DET<\/strong><\/td>\n<td><\/td>\n<\/tr>\n<tr>\n<td>Tekst: Peggy\/Sigrun<\/td>\n<td>S\u00f8lvi<\/td>\n<\/tr>\n<tr>\n<td><\/td>\n<td><\/td>\n<\/tr>\n<tr>\n<td><strong>O.L.E<\/strong><\/td>\n<td><\/td>\n<\/tr>\n<tr>\n<td>Tekst: \u00c5smund<\/td>\n<td>Idar<\/td>\n<\/tr>\n<tr>\n<td><\/td>\n<td><\/td>\n<\/tr>\n<tr>\n<td><strong>PINGLE TRULS<\/strong><\/td>\n<td><\/td>\n<\/tr>\n<tr>\n<td>Tekst: Schow Chow<\/td>\n<td>\u00d8yvind, John<\/td>\n<\/tr>\n<tr>\n<td><\/td>\n<td><\/td>\n<\/tr>\n<tr>\n<td><strong>N\u00c5 KAN DU LURA LITT TE<\/strong><\/td>\n<td><\/td>\n<\/tr>\n<tr>\n<td>Tekst: Peggy\/S\u00f8lvi\/Arnhild<\/td>\n<td>S\u00f8lvi<\/td>\n<\/tr>\n<tr>\n<td><\/td>\n<td><\/td>\n<\/tr>\n<tr>\n<td><strong>ANJA OG SUSAN<\/strong><\/td>\n<td><\/td>\n<\/tr>\n<tr>\n<td>Tekst: Sigrun<\/td>\n<td>Birthe, Anki<\/td>\n<\/tr>\n<tr>\n<td><\/td>\n<td><\/td>\n<\/tr>\n<tr>\n<td><strong>ANONYME MOBILIKERE<\/strong><\/td>\n<td><\/td>\n<\/tr>\n<tr>\n<td>Tekst: \u00d8ivind\/Peggy<\/td>\n<td>Gerd, Martin, Idar, Anne May<\/td>\n<\/tr>\n<tr>\n<td><\/td>\n<td><\/td>\n<\/tr>\n<tr>\n<td><strong>DIGG DIGG DIGG<\/strong><\/td>\n<td><\/td>\n<\/tr>\n<tr>\n<td>Tekst: Peggy\/Anne Brit\/Sigrun<\/td>\n<td>Anne Brit<\/td>\n<\/tr>\n<tr>\n<td><\/td>\n<td><\/td>\n<\/tr>\n<tr>\n<td><strong>P\u00c5 TIDE<\/strong><\/td>\n<td><\/td>\n<\/tr>\n<tr>\n<td>Tekst: A.M. Krogh<\/td>\n<td>Odd Magne, Birthe, Gerd<\/td>\n<\/tr>\n<tr>\n<td><\/td>\n<td><\/td>\n<\/tr>\n<tr>\n<td><strong>SANNIGSORD<\/strong><\/td>\n<td><\/td>\n<\/tr>\n<tr>\n<td>Tekst: \u00c5smund<\/td>\n<td>\u00c5smund<\/td>\n<\/tr>\n<tr>\n<td><\/td>\n<td><\/td>\n<\/tr>\n<tr>\n<td><strong>STORFAMILIE<\/strong><\/td>\n<td><\/td>\n<\/tr>\n<tr>\n<td>Tekst: Peggy\/Sigrun<\/td>\n<td>Anki, John<\/td>\n<\/tr>\n<tr>\n<td><\/td>\n<td><\/td>\n<\/tr>\n<tr>\n<td><strong>MISLYKKA<\/strong><\/td>\n<td><\/td>\n<\/tr>\n<tr>\n<td>Tekst: Sigrun<\/td>\n<td>Anne May<\/td>\n<\/tr>\n<tr>\n<td><\/td>\n<td><\/td>\n<\/tr>\n<tr>\n<td><strong>SOFIES VERDEN<\/strong><\/td>\n<td><\/td>\n<\/tr>\n<tr>\n<td>Tekst: Peggy\/Sigrun<\/td>\n<td>Liv Janne<\/td>\n<\/tr>\n<tr>\n<td><\/td>\n<td><\/td>\n<\/tr>\n<tr>\n<td><strong>PYS\u00c5<\/strong><\/td>\n<td><\/td>\n<\/tr>\n<tr>\n<td>Tekst: Peggy<\/td>\n<td>Martin<\/td>\n<\/tr>\n<tr>\n<td><\/td>\n<td><\/td>\n<\/tr>\n<tr>\n<td><strong>GODT ITTEP\u00c5<\/strong><\/td>\n<td><\/td>\n<\/tr>\n<tr>\n<td>Tekst: I. Hovland\/Peggy<\/td>\n<td>Anne Brit, Arnhild<\/td>\n<\/tr>\n<tr>\n<td><\/td>\n<td><\/td>\n<\/tr>\n<tr>\n<td><strong>SM\u00c5 UNDER<\/strong><\/td>\n<td><\/td>\n<\/tr>\n<tr>\n<td>Tekst: \u00c5smund<\/td>\n<td>Odd Magne, Liv Janne, Ine<\/td>\n<\/tr>\n<tr>\n<td><\/td>\n<td><\/td>\n<\/tr>\n<tr>\n<td><strong>STRESSA<\/strong><\/td>\n<td><\/td>\n<\/tr>\n<tr>\n<td>Tekst: Peggy\/Sigrun<\/td>\n<td>Nina<\/td>\n<\/tr>\n<tr>\n<td><strong>RAUARADDEL<\/strong><\/td>\n<td>Siri, Odd, Odd Magne, \u00c5smund, Idar,<\/td>\n<\/tr>\n<tr>\n<td>Tekst: Ensemblet<\/td>\n<td>Martin, Tor G\u00f8ran, \u00d8yvind, John<\/td>\n<\/tr>\n<tr>\n<td><\/td>\n<td><\/td>\n<\/tr>\n<tr>\n<td><strong>DEN BESTA DOKK\u00c5<\/strong><\/td>\n<td>\u00d8yvind, Martin, Liv Janne, Gerd, Reidun,<\/td>\n<\/tr>\n<tr>\n<td>Tekst: Peggy<\/td>\n<td>Ine, Tor G\u00f8ran, Siri, John, Anne May, Odd<\/td>\n<\/tr>\n<tr>\n<td><\/td>\n<td><\/td>\n<\/tr>\n<tr>\n<td><strong>EG E S\u00c5 SJENERTE<\/strong><\/td>\n<td><\/td>\n<\/tr>\n<tr>\n<td>Tekst: Peggy<\/td>\n<td>John<\/td>\n<\/tr>\n<tr>\n<td><\/td>\n<td><\/td>\n<\/tr>\n<tr>\n<td><strong>FR\u00d8 &amp; VIN &amp; GOE TI<\/strong><\/td>\n<td><\/td>\n<\/tr>\n<tr>\n<td>Tekst: Peggy<\/td>\n<td>S\u00f8lvi, Siri<\/td>\n<\/tr>\n<tr>\n<td><\/td>\n<td><\/td>\n<\/tr>\n<tr>\n<td><strong>LEIF P\u00c5 LEID<\/strong><\/td>\n<td><\/td>\n<\/tr>\n<tr>\n<td>Tekst: Odd Magne\/\u00d8ivind<\/td>\n<td>\u00c5smund, \u00d8yvind, Nina<\/td>\n<\/tr>\n<tr>\n<td><\/td>\n<td><\/td>\n<\/tr>\n<tr>\n<td><strong>MED LANGTIDSVARSEL<\/strong><\/td>\n<td><\/td>\n<\/tr>\n<tr>\n<td>Tekst: Idar<\/td>\n<td>Anita, Ine, Anne May<\/td>\n<\/tr>\n<tr>\n<td><\/td>\n<td><\/td>\n<\/tr>\n<tr>\n<td><strong>KJELTRINGENS VISE<\/strong><\/td>\n<td><\/td>\n<\/tr>\n<tr>\n<td>Tekst: Peggy<\/td>\n<td>Idar, Birthe<\/td>\n<\/tr>\n<tr>\n<td><img loading=\"lazy\" decoding=\"async\" src=\"file:\/\/\/D:\/Mine%20dokumenter\/WEB\/Lura%20revyteater\/historien\/Filer_for_naa_kan_du_lura\/.gif\" alt=\"\" width=\"5\" height=\"10\" border=\"0\" \/><\/td>\n<td><\/td>\n<\/tr>\n<tr>\n<td><strong>LIKESTILLING<\/strong><\/td>\n<td><\/td>\n<\/tr>\n<tr>\n<td>Tekst: Peggy<\/td>\n<td>\u00d8yvind, Odd Magne<\/td>\n<\/tr>\n<tr>\n<td><\/td>\n<td><\/td>\n<\/tr>\n<tr>\n<td><strong>ROLLESPILL<\/strong><\/td>\n<td>Liv Janne, Reidun, Anki,<\/td>\n<\/tr>\n<tr>\n<td>Tekst: Peggy<\/td>\n<td>Ine, Siri, Anne Brit, Arnhild<\/td>\n<\/tr>\n<tr>\n<td><\/td>\n<td><\/td>\n<\/tr>\n<tr>\n<td><strong>NATTERAVN<\/strong><\/td>\n<td><\/td>\n<\/tr>\n<tr>\n<td>Tekst: Odd Magne<\/td>\n<td>\u00c5smund<\/td>\n<\/tr>\n<tr>\n<td><\/td>\n<td><\/td>\n<\/tr>\n<tr>\n<td><strong>EU-PYLS\u00c5<\/strong><\/td>\n<td><\/td>\n<\/tr>\n<tr>\n<td>Tekst: Sigrun<\/td>\n<td>Odd, Nina, Odd Magne, Anita<\/td>\n<\/tr>\n<tr>\n<td><\/td>\n<td><\/td>\n<\/tr>\n<tr>\n<td><strong>DET E S\u00c5NN S\u00c5 ONGAR E DET<\/strong><\/td>\n<td><\/td>\n<\/tr>\n<tr>\n<td>Tekst: Peggy<\/td>\n<td>Idar<\/td>\n<\/tr>\n<tr>\n<td><\/td>\n<td><\/td>\n<\/tr>\n<tr>\n<td><strong>KVINNER MED STORE K<\/strong><\/td>\n<td><\/td>\n<\/tr>\n<tr>\n<td>Tekst: Sigrun<\/td>\n<td>Odd, Reidun, Arnhild<\/td>\n<\/tr>\n<tr>\n<td><\/td>\n<td><\/td>\n<\/tr>\n<tr>\n<td><strong>TIL TJENESTE<\/strong><\/td>\n<td><\/td>\n<\/tr>\n<tr>\n<td>Tekst: Nina\/Sigrun<\/td>\n<td>Anita, S\u00f8lvi<\/td>\n<\/tr>\n<tr>\n<td><\/td>\n<td><\/td>\n<\/tr>\n<tr>\n<td><strong>PEILING<\/strong><\/td>\n<td><\/td>\n<\/tr>\n<tr>\n<td>Tekst: Peggy<\/td>\n<td>Tor G\u00f8ran, Odd, S\u00f8lvi<\/td>\n<\/tr>\n<tr>\n<td><\/td>\n<td><\/td>\n<\/tr>\n<tr>\n<td><strong>GOE CALL<\/strong><\/td>\n<td><\/td>\n<\/tr>\n<tr>\n<td>Tekst: Sigrun\/Arnhild\/Peggy<\/td>\n<td>Reidun<\/td>\n<\/tr>\n<tr>\n<td><\/td>\n<td><\/td>\n<\/tr>\n<tr>\n<td><strong>TENK EG TORDE<\/strong><\/td>\n<td><\/td>\n<\/tr>\n<tr>\n<td>Tekst: Sigrun<\/td>\n<td>Ensemblet<\/td>\n<\/tr>\n<\/tbody>\n<\/table>\n<\/td>\n<\/tr>\n<\/tbody>\n<\/table>\n","protected":false},"excerpt":{"rendered":"<p>N\u00e5 kan du Lura! I 1998 var det mange som lurte p\u00e5 noe. Men var det en ting vi ikke lurte p\u00e5, s\u00e5 var det om vi ville lage en ny revy &laquo;etter tre gode ting&raquo;. Hun Sigrun lure ogs\u00e5 p\u00e5 mye rart, som bl.a &laquo;koffer me riste n\u00e5r me ler?&raquo;! Men var det en &hellip; <\/p>\n<p class=\"link-more\"><a href=\"https:\/\/lurarevyen.no\/?page_id=52\" class=\"more-link\">Fortsett \u00e5 lese<span class=\"screen-reader-text\"> \u00ab1998\u00bb<\/span><\/a><\/p>\n","protected":false},"author":1,"featured_media":0,"parent":18,"menu_order":4,"comment_status":"closed","ping_status":"open","template":"","meta":{"footnotes":""},"class_list":["post-52","page","type-page","status-publish","hentry"],"_links":{"self":[{"href":"https:\/\/lurarevyen.no\/index.php?rest_route=\/wp\/v2\/pages\/52","targetHints":{"allow":["GET"]}}],"collection":[{"href":"https:\/\/lurarevyen.no\/index.php?rest_route=\/wp\/v2\/pages"}],"about":[{"href":"https:\/\/lurarevyen.no\/index.php?rest_route=\/wp\/v2\/types\/page"}],"author":[{"embeddable":true,"href":"https:\/\/lurarevyen.no\/index.php?rest_route=\/wp\/v2\/users\/1"}],"replies":[{"embeddable":true,"href":"https:\/\/lurarevyen.no\/index.php?rest_route=%2Fwp%2Fv2%2Fcomments&post=52"}],"version-history":[{"count":4,"href":"https:\/\/lurarevyen.no\/index.php?rest_route=\/wp\/v2\/pages\/52\/revisions"}],"predecessor-version":[{"id":890,"href":"https:\/\/lurarevyen.no\/index.php?rest_route=\/wp\/v2\/pages\/52\/revisions\/890"}],"up":[{"embeddable":true,"href":"https:\/\/lurarevyen.no\/index.php?rest_route=\/wp\/v2\/pages\/18"}],"wp:attachment":[{"href":"https:\/\/lurarevyen.no\/index.php?rest_route=%2Fwp%2Fv2%2Fmedia&parent=52"}],"curies":[{"name":"wp","href":"https:\/\/api.w.org\/{rel}","templated":true}]}}