{"id":54,"date":"2012-05-30T23:41:51","date_gmt":"2012-05-30T21:41:51","guid":{"rendered":"http:\/\/lurarevyen.no\/wordpress\/?page_id=54"},"modified":"2016-12-01T09:35:24","modified_gmt":"2016-12-01T08:35:24","slug":"1999-2","status":"publish","type":"page","link":"https:\/\/lurarevyen.no\/?page_id=54","title":{"rendered":"1999"},"content":{"rendered":"<p><a href=\"http:\/\/lurarevyen.no\/lurarevyen\/wp-content\/uploads\/2012\/05\/fem_99.gif\"><img loading=\"lazy\" decoding=\"async\" class=\"alignnone size-full wp-image-893\" src=\"http:\/\/lurarevyen.no\/lurarevyen\/wp-content\/uploads\/2012\/05\/fem_99.gif\" alt=\"fem_99\" width=\"125\" height=\"201\" \/><\/a><\/p>\n<table border=\"0\" width=\"473\" cellspacing=\"0\" cellpadding=\"0\">\n<tbody>\n<tr>\n<td>\n<div align=\"center\">\n<h3 align=\"left\">P\u00e5 fem hjul i svingane<\/h3>\n<\/div>\n<\/td>\n<\/tr>\n<tr>\n<td>Hurra, vi har 5-\u00e5rs jubileum! Dette skal feires!!! Det gjorde vi med en revy som var 100% produsert av amat\u00f8rer ,og det er vi ikke lite stolte av. Alle gruppene (tekstgruppa, kulissegruppa, kostymegruppa og PR-gruppa) i revyen jobbet iherdig for \u00e5 f\u00e5 til en revy som publikum sent ville glemme,<br \/>\ndet var jo tross alt en jubileums revy.Sigrun Eriksen er imponert over b\u00e5de revygruppa og publikum p\u00e5 Lura, som har vett til \u00e5 sette pris p\u00e5 og ta vare p\u00e5 innsatsen og kvaliteten som denne gjengen st\u00e5r for. Og at de liker \u00e5 le&#8230;, s\u00e5 hun tok ansvaret for \u00e5 v\u00e6re instrukt\u00f8r for denne revyen i \u00e5r ogs\u00e5. Takk Sigrun!Det ble ogs\u00e5 arrangert en bl\u00e5tur for medlemmene i revyen med f\u00f8lge. Er det noe denne gjengen ikke er redd for, s\u00e5 er det \u00e5 drite seg ut. S\u00e5 dere kan tenke dere synet da denne gjengen entret Ramsvigstranden med div hjemmelagede hatter for \u00e5 drive med fysisk fostring, eller synet da de sang karaoke p\u00e5 Nilsen &amp;Wold; eller da de endte opp p\u00e5 fest hos skrotnissen p\u00e5 Tasta. Det var nok en tur medlemmene sent vil glemme!<br \/>\nHva gj\u00f8r vi n\u00e5r &laquo;Rocke Rolf&raquo; har ridd, &laquo;Tollef&raquo; har f\u00e5tt seg date, &laquo;Rauaraddelet&raquo; har v\u00e6rt i Gisken og det gode liv er nesten funnet, jo vi starter med friskt mot og lager ny revy. Velkommen til en latterfull helg i mars 2000.<\/td>\n<\/tr>\n<tr>\n<td>\n<table border=\"0\" width=\"471\" cellspacing=\"0\" cellpadding=\"0\">\n<tbody>\n<tr>\n<td>REVYNUMMER<\/td>\n<td>ROLLER<\/td>\n<\/tr>\n<tr>\n<td><\/td>\n<td><\/td>\n<\/tr>\n<tr>\n<td><strong>P\u00c5 FEM HJUL I SVINGANE<\/strong><\/td>\n<td><\/td>\n<\/tr>\n<tr>\n<td>Tekst: Peggy<\/td>\n<td>Ensemblet<\/td>\n<\/tr>\n<tr>\n<td><\/td>\n<td><\/td>\n<\/tr>\n<tr>\n<td><strong>FOR FEMTE GONG<\/strong><\/td>\n<td><\/td>\n<\/tr>\n<tr>\n<td>Tekst: Odd Magne<\/td>\n<td>Odd Magne, \u00d8yvind<\/td>\n<\/tr>\n<tr>\n<td><\/td>\n<td><\/td>\n<\/tr>\n<tr>\n<td><strong>ROCKE ROLF RIR IGJEN<\/strong><\/td>\n<td><\/td>\n<\/tr>\n<tr>\n<td>Tekst: \u00c5smund<\/td>\n<td>\u00c5smund, S\u00f8lvi, Anita H<\/td>\n<\/tr>\n<tr>\n<td><\/td>\n<td><\/td>\n<\/tr>\n<tr>\n<td><strong>JAKTEN P\u00c5 DET GODE LIV I<\/strong><\/td>\n<td><\/td>\n<\/tr>\n<tr>\n<td>Tekst: Peggy\/Sigrun<\/td>\n<td>Odd Magne, Anne Brit,Wenche, Anita D, Idar<\/td>\n<\/tr>\n<tr>\n<td><\/td>\n<td><\/td>\n<\/tr>\n<tr>\n<td><strong>SYSTRENE LEVERTSEN<\/strong><\/td>\n<td><\/td>\n<\/tr>\n<tr>\n<td>Tekst: Sigrun<\/td>\n<td>Nina, Susanne, Liv Janne<\/td>\n<\/tr>\n<tr>\n<td><\/td>\n<td><\/td>\n<\/tr>\n<tr>\n<td><strong>TOLLEF P\u00c5 CAMPING<\/strong><\/td>\n<td><\/td>\n<\/tr>\n<tr>\n<td>Tekst: \u00d8yvind\/Odd Magne<\/td>\n<td>\u00d8yvind, S\u00f8lvi, Tor G\u00f8ran<\/td>\n<\/tr>\n<tr>\n<td><\/td>\n<td><\/td>\n<\/tr>\n<tr>\n<td><strong>IDENTITETSKRISE<\/strong><\/td>\n<td><\/td>\n<\/tr>\n<tr>\n<td>Tekst: Peggy<\/td>\n<td>Anita D, \u00c5smund, Tor G\u00f8ran<\/td>\n<\/tr>\n<tr>\n<td><\/td>\n<td><\/td>\n<\/tr>\n<tr>\n<td><strong>HEKTA<\/strong><\/td>\n<td><\/td>\n<\/tr>\n<tr>\n<td>Tekst: Peggy<\/td>\n<td>Idar<\/td>\n<\/tr>\n<tr>\n<td><\/td>\n<td><\/td>\n<\/tr>\n<tr>\n<td><strong>LURA BROILERS<\/strong><\/td>\n<td><\/td>\n<\/tr>\n<tr>\n<td>Tekst: \u00d8yvind\/Arnhid\/Peggy<\/td>\n<td>Martin, Reidun<\/td>\n<\/tr>\n<tr>\n<td><\/td>\n<td><\/td>\n<\/tr>\n<tr>\n<td><strong>STOR, STOR, STOR<\/strong><\/td>\n<td><\/td>\n<\/tr>\n<tr>\n<td>Tekst: Peggy<\/td>\n<td>Ine<\/td>\n<\/tr>\n<tr>\n<td><\/td>\n<td><\/td>\n<\/tr>\n<tr>\n<td><strong>FOR ADLE PENGANE<\/strong><\/td>\n<td><\/td>\n<\/tr>\n<tr>\n<td>Tekst: Knut Knutsen<\/td>\n<td>Liv Janne, Susanne, Anki<\/td>\n<\/tr>\n<tr>\n<td><\/td>\n<td><\/td>\n<\/tr>\n<tr>\n<td><strong>EIN DAG<\/strong><\/td>\n<td>Reidun, Anne Brit, Odd Magne,<\/td>\n<\/tr>\n<tr>\n<td>Tekst: Peggy<\/td>\n<td>Anita D, Ine, Martin, Gerd, Wenche<\/td>\n<\/tr>\n<tr>\n<td><\/td>\n<td><\/td>\n<\/tr>\n<tr>\n<td><strong>VERNEOMBUD<\/strong><\/td>\n<td><\/td>\n<\/tr>\n<tr>\n<td>Tekst: Peggy<\/td>\n<td>Idar, Tor G\u00f8ran<\/td>\n<\/tr>\n<tr>\n<td><\/td>\n<td><\/td>\n<\/tr>\n<tr>\n<td><strong>SNILL, SNILL, SNILL<\/strong><\/td>\n<td><\/td>\n<\/tr>\n<tr>\n<td>Tekst: Peggy<\/td>\n<td>Ine<\/td>\n<\/tr>\n<tr>\n<td><\/td>\n<td><\/td>\n<\/tr>\n<tr>\n<td><strong>OKEY!<\/strong><\/td>\n<td><\/td>\n<\/tr>\n<tr>\n<td>Tekst: Peggy<\/td>\n<td>Arnhild, S\u00f8lvi, Wenche<\/td>\n<\/tr>\n<tr>\n<td><\/td>\n<td><\/td>\n<\/tr>\n<tr>\n<td><strong>KAMMEN MIN<\/strong><\/td>\n<td><\/td>\n<\/tr>\n<tr>\n<td>Tekst: Peggy<\/td>\n<td>Anki, Liv Janne, Susanne<\/td>\n<\/tr>\n<tr>\n<td><\/td>\n<td><\/td>\n<\/tr>\n<tr>\n<td><strong>VIAGRA<\/strong><\/td>\n<td><\/td>\n<\/tr>\n<tr>\n<td>Tekst: Peggy<\/td>\n<td>Nina<\/td>\n<\/tr>\n<tr>\n<td><\/td>\n<td><\/td>\n<\/tr>\n<tr>\n<td><strong>FRI FRANK OG FEMTI<\/strong><\/td>\n<td>Arnhild, Anne Kristi, Tor G\u00f8ran, Idar<\/td>\n<\/tr>\n<tr>\n<td>Tekst: Peggy<\/td>\n<td>Odd Magne, \u00d8yvind, \u00c5smund, Martin<\/td>\n<\/tr>\n<tr>\n<td><\/td>\n<td><\/td>\n<\/tr>\n<tr>\n<td><strong>HISTORIEN OM ET HYNSAHUS<\/strong><\/td>\n<td>Anita H, Ine, Gerd, Nina, \u00d8yvind,<\/td>\n<\/tr>\n<tr>\n<td>Tekst: Peggy<\/td>\n<td>Martin, Odd Magne<\/td>\n<\/tr>\n<tr>\n<td><\/td>\n<td><\/td>\n<\/tr>\n<tr>\n<td><strong>MESTEN DET SAMA<\/strong><\/td>\n<td><\/td>\n<\/tr>\n<tr>\n<td>Tekst: Odd Magne<\/td>\n<td>S\u00f8lvi<\/td>\n<\/tr>\n<tr>\n<td><\/td>\n<td><\/td>\n<\/tr>\n<tr>\n<td><strong>GU KOR SURE<\/strong><\/td>\n<td><\/td>\n<\/tr>\n<tr>\n<td>Tekst: \u00c5smund<\/td>\n<td>\u00c5smund, Gerd, Ine, Reidun, Anne Kristi<\/td>\n<\/tr>\n<tr>\n<td><\/td>\n<td><\/td>\n<\/tr>\n<tr>\n<td><strong>JAKTEN P\u00c5 DET GODE LIV II<\/strong><\/td>\n<td>Odd Magne, Anne Brit, Wenche,<\/td>\n<\/tr>\n<tr>\n<td>Tekst: Peggy\/Sigrun<\/td>\n<td>Anita D, Idar<\/td>\n<\/tr>\n<tr>\n<td><\/td>\n<td><\/td>\n<\/tr>\n<tr>\n<td><strong>FREDAGSKVELD<\/strong><\/td>\n<td><\/td>\n<\/tr>\n<tr>\n<td>Tekst: Peggy<\/td>\n<td>Liv Janne, Anki, Susanne<\/td>\n<\/tr>\n<tr>\n<td><\/td>\n<td><\/td>\n<\/tr>\n<tr>\n<td><strong>SYKT<\/strong><\/td>\n<td><\/td>\n<\/tr>\n<tr>\n<td>Tekst: Peggy<\/td>\n<td>Arnhild, Anne Brit<\/td>\n<\/tr>\n<tr>\n<td><\/td>\n<td><\/td>\n<\/tr>\n<tr>\n<td><strong>SE, SE, SE<\/strong><\/td>\n<td><\/td>\n<\/tr>\n<tr>\n<td>Tekst: Peggy<\/td>\n<td>Ine<\/td>\n<\/tr>\n<tr>\n<td><\/td>\n<td><\/td>\n<\/tr>\n<tr>\n<td><strong>GRATIS<\/strong><\/td>\n<td><\/td>\n<\/tr>\n<tr>\n<td>Tekst: Odd Magne<\/td>\n<td>Anne Kristi<\/td>\n<\/tr>\n<tr>\n<td><\/td>\n<td><\/td>\n<\/tr>\n<tr>\n<td><strong>BLOMSTER-MARTIN<\/strong><\/td>\n<td><\/td>\n<\/tr>\n<tr>\n<td>Tekst: Peggy<\/td>\n<td>Martin<\/td>\n<\/tr>\n<tr>\n<td><\/td>\n<td><\/td>\n<\/tr>\n<tr>\n<td><strong>I BUTIKKEN<\/strong><\/td>\n<td>Nina, Ine, Anita H, \u00c5smund, Arnhild,<\/td>\n<\/tr>\n<tr>\n<td>Tekst: Peggy<\/td>\n<td>Reidun, Anne Kristi, Gerd<\/td>\n<\/tr>\n<tr>\n<td><\/td>\n<td><\/td>\n<\/tr>\n<tr>\n<td><strong>KARA P\u00c5 BY&#8217;N<\/strong><\/td>\n<td><\/td>\n<\/tr>\n<tr>\n<td>Tekst: Peggy<\/td>\n<td>\u00d8yvind, Tor G\u00f8ran, Idar<\/td>\n<\/tr>\n<tr>\n<td><\/td>\n<td><\/td>\n<\/tr>\n<tr>\n<td><strong>NASAR<\/strong><\/td>\n<td><\/td>\n<\/tr>\n<tr>\n<td>Tekst: Peggy<\/td>\n<td>S\u00f8lvi<\/td>\n<\/tr>\n<tr>\n<td><\/td>\n<td><\/td>\n<\/tr>\n<tr>\n<td><strong>PYTONSDAG<\/strong><\/td>\n<td><\/td>\n<\/tr>\n<tr>\n<td>Tekst: Peggy<\/td>\n<td>Susanne, Liv Janne, Anki<\/td>\n<\/tr>\n<tr>\n<td><\/td>\n<td><\/td>\n<\/tr>\n<tr>\n<td><strong>RAUARADDEL I GISKEN<\/strong><\/td>\n<td>Odd Magne, \u00c5smund, Idar,<\/td>\n<\/tr>\n<tr>\n<td>Tekst: Ensemblet<\/td>\n<td>Martin, Tor G\u00f8ran, \u00d8yvind<\/td>\n<\/tr>\n<tr>\n<td><\/td>\n<td><\/td>\n<\/tr>\n<tr>\n<td><strong>I DAG<\/strong><\/td>\n<td><\/td>\n<\/tr>\n<tr>\n<td>Tekst: Peggy<\/td>\n<td>Ensemblet<\/td>\n<\/tr>\n<\/tbody>\n<\/table>\n<\/td>\n<\/tr>\n<\/tbody>\n<\/table>\n","protected":false},"excerpt":{"rendered":"<p>P\u00e5 fem hjul i svingane Hurra, vi har 5-\u00e5rs jubileum! Dette skal feires!!! Det gjorde vi med en revy som var 100% produsert av amat\u00f8rer ,og det er vi ikke lite stolte av. Alle gruppene (tekstgruppa, kulissegruppa, kostymegruppa og PR-gruppa) i revyen jobbet iherdig for \u00e5 f\u00e5 til en revy som publikum sent ville glemme, &hellip; <\/p>\n<p class=\"link-more\"><a href=\"https:\/\/lurarevyen.no\/?page_id=54\" class=\"more-link\">Fortsett \u00e5 lese<span class=\"screen-reader-text\"> \u00ab1999\u00bb<\/span><\/a><\/p>\n","protected":false},"author":1,"featured_media":0,"parent":18,"menu_order":5,"comment_status":"closed","ping_status":"open","template":"","meta":{"footnotes":""},"class_list":["post-54","page","type-page","status-publish","hentry"],"_links":{"self":[{"href":"https:\/\/lurarevyen.no\/index.php?rest_route=\/wp\/v2\/pages\/54","targetHints":{"allow":["GET"]}}],"collection":[{"href":"https:\/\/lurarevyen.no\/index.php?rest_route=\/wp\/v2\/pages"}],"about":[{"href":"https:\/\/lurarevyen.no\/index.php?rest_route=\/wp\/v2\/types\/page"}],"author":[{"embeddable":true,"href":"https:\/\/lurarevyen.no\/index.php?rest_route=\/wp\/v2\/users\/1"}],"replies":[{"embeddable":true,"href":"https:\/\/lurarevyen.no\/index.php?rest_route=%2Fwp%2Fv2%2Fcomments&post=54"}],"version-history":[{"count":4,"href":"https:\/\/lurarevyen.no\/index.php?rest_route=\/wp\/v2\/pages\/54\/revisions"}],"predecessor-version":[{"id":894,"href":"https:\/\/lurarevyen.no\/index.php?rest_route=\/wp\/v2\/pages\/54\/revisions\/894"}],"up":[{"embeddable":true,"href":"https:\/\/lurarevyen.no\/index.php?rest_route=\/wp\/v2\/pages\/18"}],"wp:attachment":[{"href":"https:\/\/lurarevyen.no\/index.php?rest_route=%2Fwp%2Fv2%2Fmedia&parent=54"}],"curies":[{"name":"wp","href":"https:\/\/api.w.org\/{rel}","templated":true}]}}