{"id":548,"date":"2014-03-08T14:22:11","date_gmt":"2014-03-08T13:22:11","guid":{"rendered":"http:\/\/lurarevyen.no\/?page_id=548"},"modified":"2014-03-08T14:24:20","modified_gmt":"2014-03-08T13:24:20","slug":"lurarevyen-2014","status":"publish","type":"page","link":"https:\/\/lurarevyen.no\/?page_id=548","title":{"rendered":"Lurarevyen 2014"},"content":{"rendered":"<p>I \u00e5r er blir det ikke satt opp en revy p\u00e5 Lura. Men vi er i full gang med \u00e5 planlegge neste \u00a0forestilling.<\/p>\n<p>Premieren p\u00e5 neste revy blir Torsdag 12 mars\u00a02015\u00a0kl 19.00<\/p>\n<p>Sett av datoen &#8230;&#8230;.<\/p>\n","protected":false},"excerpt":{"rendered":"<p>I \u00e5r er blir det ikke satt opp en revy p\u00e5 Lura. Men vi er i full gang med \u00e5 planlegge neste \u00a0forestilling. Premieren p\u00e5 neste revy blir Torsdag 12 mars\u00a02015\u00a0kl 19.00 Sett av datoen &#8230;&#8230;.<\/p>\n","protected":false},"author":1,"featured_media":0,"parent":0,"menu_order":0,"comment_status":"closed","ping_status":"open","template":"","meta":{"footnotes":""},"class_list":["post-548","page","type-page","status-publish","hentry"],"_links":{"self":[{"href":"https:\/\/lurarevyen.no\/index.php?rest_route=\/wp\/v2\/pages\/548","targetHints":{"allow":["GET"]}}],"collection":[{"href":"https:\/\/lurarevyen.no\/index.php?rest_route=\/wp\/v2\/pages"}],"about":[{"href":"https:\/\/lurarevyen.no\/index.php?rest_route=\/wp\/v2\/types\/page"}],"author":[{"embeddable":true,"href":"https:\/\/lurarevyen.no\/index.php?rest_route=\/wp\/v2\/users\/1"}],"replies":[{"embeddable":true,"href":"https:\/\/lurarevyen.no\/index.php?rest_route=%2Fwp%2Fv2%2Fcomments&post=548"}],"version-history":[{"count":1,"href":"https:\/\/lurarevyen.no\/index.php?rest_route=\/wp\/v2\/pages\/548\/revisions"}],"predecessor-version":[{"id":549,"href":"https:\/\/lurarevyen.no\/index.php?rest_route=\/wp\/v2\/pages\/548\/revisions\/549"}],"wp:attachment":[{"href":"https:\/\/lurarevyen.no\/index.php?rest_route=%2Fwp%2Fv2%2Fmedia&parent=548"}],"curies":[{"name":"wp","href":"https:\/\/api.w.org\/{rel}","templated":true}]}}