{"id":59,"date":"2012-05-30T23:44:08","date_gmt":"2012-05-30T21:44:08","guid":{"rendered":"http:\/\/lurarevyen.no\/wordpress\/?page_id=59"},"modified":"2016-12-01T09:35:55","modified_gmt":"2016-12-01T08:35:55","slug":"2000-2","status":"publish","type":"page","link":"https:\/\/lurarevyen.no\/?page_id=59","title":{"rendered":"2000"},"content":{"rendered":"<p><a href=\"http:\/\/lurarevyen.no\/lurarevyen\/wp-content\/uploads\/2012\/05\/le_ror.gif\"><img loading=\"lazy\" decoding=\"async\" class=\"alignnone size-full wp-image-895\" src=\"http:\/\/lurarevyen.no\/lurarevyen\/wp-content\/uploads\/2012\/05\/le_ror.gif\" alt=\"le_ror\" width=\"126\" height=\"201\" \/><\/a><\/p>\n<table border=\"0\" width=\"504\" cellspacing=\"0\" cellpadding=\"0\">\n<tbody>\n<tr>\n<td>\n<div align=\"center\">\n<h3 align=\"left\">Le og R\u00f8r<\/h3>\n<\/div>\n<\/td>\n<\/tr>\n<tr>\n<td>Stavanger Aftenblad skrev:&raquo;Det er bare \u00e5 gratulere: Lura revyteater har overg\u00e5tt seg selv enda en gang. De har kokt sammen en forestilling det virkelig syder og koker av.&raquo;<\/p>\n<p>Sandnes Posten skreiv:<br \/>\n&laquo;Vellykket Lurarevy<\/p>\n<p>Grundig forarbeid, smil og latter, god kvalitet og dyktige akt\u00f8rer er bare noen av superlativene som best karakteriserer \u00e5rets Lurarevy. For\u00f8vrig den sjette i rekken.&raquo;<\/td>\n<\/tr>\n<tr>\n<td>\n<table border=\"0\" width=\"495\" cellspacing=\"0\" cellpadding=\"0\">\n<tbody>\n<tr>\n<td>\n<h3>REVYNUMMER<\/h3>\n<\/td>\n<td>\n<h3>ROLLER<\/h3>\n<\/td>\n<\/tr>\n<tr>\n<td><\/td>\n<td><\/td>\n<\/tr>\n<tr>\n<td><strong>LE OG R\u00d8R<\/strong><\/td>\n<td><\/td>\n<\/tr>\n<tr>\n<td>Tekst: Peggy<\/td>\n<td>Ensemblet<\/td>\n<\/tr>\n<tr>\n<td><\/td>\n<td><\/td>\n<\/tr>\n<tr>\n<td><strong>ESELET<\/strong><\/td>\n<td><\/td>\n<\/tr>\n<tr>\n<td>Tekst: Peggy<\/td>\n<td>Martin<\/td>\n<\/tr>\n<tr>\n<td><\/td>\n<td><\/td>\n<\/tr>\n<tr>\n<td><strong>STRATEGI 2000<\/strong><\/td>\n<td><\/td>\n<\/tr>\n<tr>\n<td>Tekst: Aud, Peggy<\/td>\n<td>\u00d8yvind, Gerd, S\u00f8lvi<\/td>\n<\/tr>\n<tr>\n<td><\/td>\n<td><\/td>\n<\/tr>\n<tr>\n<td><strong>NORMALT<\/strong><\/td>\n<td><\/td>\n<\/tr>\n<tr>\n<td>Tekst: Sigrun, Peggy etter id\u00e9 fra<\/td>\n<td>Nina<\/td>\n<\/tr>\n<tr>\n<td>Madla Revyteater og Rennes\u00f8y Revylag<\/td>\n<td><\/td>\n<\/tr>\n<tr>\n<td><\/td>\n<td><\/td>\n<\/tr>\n<tr>\n<td><strong>FLATBR\u00d8D<\/strong><\/td>\n<td><\/td>\n<\/tr>\n<tr>\n<td>Tekst: Sigrun<\/td>\n<td>Martin, Odd, Anki, Wenche<\/td>\n<\/tr>\n<tr>\n<td><\/td>\n<td><\/td>\n<\/tr>\n<tr>\n<td><strong>TOLLEF OG LITLEKAREN<\/strong><\/td>\n<td><\/td>\n<\/tr>\n<tr>\n<td>Tekst: Peggy<\/td>\n<td>\u00d8yvind, Reidun, Martin<\/td>\n<\/tr>\n<tr>\n<td><\/td>\n<td><\/td>\n<\/tr>\n<tr>\n<td><strong>BOMRINGER<\/strong><\/td>\n<td>Wenche, Anne May, Ine, Anita R. D,<\/td>\n<\/tr>\n<tr>\n<td>Tekst: Peggy<\/td>\n<td>Liv Janne, Anita H, Odd Magne, \u00c5smund<\/td>\n<\/tr>\n<tr>\n<td><\/td>\n<td><\/td>\n<\/tr>\n<tr>\n<td><strong>POTETER<\/strong><\/td>\n<td><\/td>\n<\/tr>\n<tr>\n<td>Tekst: Peggy<\/td>\n<td>Idar<\/td>\n<\/tr>\n<tr>\n<td><\/td>\n<td><\/td>\n<\/tr>\n<tr>\n<td><strong>TRAFIKKSKILTENE<\/strong><\/td>\n<td><\/td>\n<\/tr>\n<tr>\n<td>Tekst: Peggy<\/td>\n<td>Gerd, Reidun<\/td>\n<\/tr>\n<tr>\n<td><\/td>\n<td><\/td>\n<\/tr>\n<tr>\n<td><strong>MUTTER I LOVE YOU<\/strong><\/td>\n<td><\/td>\n<\/tr>\n<tr>\n<td>Tekst: Peggy<\/td>\n<td>Idar<\/td>\n<\/tr>\n<tr>\n<td><\/td>\n<td><\/td>\n<\/tr>\n<tr>\n<td><strong>BESTEVENINNER<\/strong><\/td>\n<td><\/td>\n<\/tr>\n<tr>\n<td>Tekst: Sigrun<\/td>\n<td>Ine<\/td>\n<\/tr>\n<tr>\n<td><\/td>\n<td><\/td>\n<\/tr>\n<tr>\n<td><strong>P\u00c5 LURA<\/strong><\/td>\n<td><\/td>\n<\/tr>\n<tr>\n<td>Tekst: Peggy<\/td>\n<td>Nina, Anki, \u00d8yvind, \u00c5smund<\/td>\n<\/tr>\n<tr>\n<td><\/td>\n<td><\/td>\n<\/tr>\n<tr>\n<td><strong>ESTER OG JOHANNA<\/strong><\/td>\n<td><\/td>\n<\/tr>\n<tr>\n<td>Tekst: Aud<\/td>\n<td>Aud, S\u00f8lvi<\/td>\n<\/tr>\n<tr>\n<td><\/td>\n<td><\/td>\n<\/tr>\n<tr>\n<td><strong>AFRIKA<\/strong><\/td>\n<td><\/td>\n<\/tr>\n<tr>\n<td>Tekst: Peggy<\/td>\n<td>Liv Janne, John<\/td>\n<\/tr>\n<tr>\n<td><\/td>\n<td><\/td>\n<\/tr>\n<tr>\n<td><strong>FORVEDEN<\/strong><\/td>\n<td><\/td>\n<\/tr>\n<tr>\n<td>Tekst: Aud, Peggy<\/td>\n<td>Anne Brit, \u00c5smund<\/td>\n<\/tr>\n<tr>\n<td><\/td>\n<td><\/td>\n<\/tr>\n<tr>\n<td><strong>HEKSABRYGG<\/strong><\/td>\n<td>Nina, Gerd, Odd Magne, Wenche, Ine,<\/td>\n<\/tr>\n<tr>\n<td>Tekst: Peggy<\/td>\n<td>Anne May, Aud, Tor G\u00f8ran, Martin, John<\/td>\n<\/tr>\n<tr>\n<td><\/td>\n<td><\/td>\n<\/tr>\n<tr>\n<td><strong>FRUKTFATET<\/strong><\/td>\n<td>Nina, Reidun, Anki, Gerd, Wenche, Ine, Idar<\/td>\n<\/tr>\n<tr>\n<td>Tekst: Peggy<\/td>\n<td>Anita R. D, Liv Janne, Tor G\u00f8ran, \u00c5smund,<\/td>\n<\/tr>\n<tr>\n<td><\/td>\n<td><\/td>\n<\/tr>\n<tr>\n<td><strong>BJ\u00d8RNAJEGEREN<\/strong><\/td>\n<td><\/td>\n<\/tr>\n<tr>\n<td>Tekst: Bj\u00f8rn Aslaksen<\/td>\n<td>Odd, Aud<\/td>\n<\/tr>\n<tr>\n<td><\/td>\n<td><\/td>\n<\/tr>\n<tr>\n<td><strong>OVERV\u00c5KNING<\/strong><\/td>\n<td><\/td>\n<\/tr>\n<tr>\n<td>Tekst: Bj\u00f8rn Aslaksen<\/td>\n<td>John, \u00d8yvind<\/td>\n<\/tr>\n<tr>\n<td><\/td>\n<td><\/td>\n<\/tr>\n<tr>\n<td><strong>KONTINENTALE NORDMENN<\/strong><\/td>\n<td>Odd Magne, Anne Brit, Idar, Anne May,<\/td>\n<\/tr>\n<tr>\n<td>Tekst: Peggy<\/td>\n<td>Anita R. D, \u00c5smund, Martin, Tor G\u00f8ran, Odd<\/td>\n<\/tr>\n<tr>\n<td><\/td>\n<td><\/td>\n<\/tr>\n<tr>\n<td><strong>FINA VERET<\/strong><\/td>\n<td><\/td>\n<\/tr>\n<tr>\n<td>Tekst: Peggy<\/td>\n<td>Anne Brit, Aud, Reidun<\/td>\n<\/tr>\n<tr>\n<td><\/td>\n<td><\/td>\n<\/tr>\n<tr>\n<td><strong>R\u00d8DHETTE OG ULVEN<\/strong><\/td>\n<td><\/td>\n<\/tr>\n<tr>\n<td>Tekst: Peggy<\/td>\n<td>Anki, John, \u00d8yvind, Reidun<\/td>\n<\/tr>\n<tr>\n<td><\/td>\n<td><\/td>\n<\/tr>\n<tr>\n<td><strong>TEAMBUILDING<\/strong><\/td>\n<td><\/td>\n<\/tr>\n<tr>\n<td>Tekst: Peggy etter id\u00e9 av<\/td>\n<td>Liv Janne, Anita H<\/td>\n<\/tr>\n<tr>\n<td>Rennes\u00f8y revylag<\/td>\n<td><\/td>\n<\/tr>\n<tr>\n<td><\/td>\n<td><\/td>\n<\/tr>\n<tr>\n<td><strong>POSTMANN PAT<\/strong><\/td>\n<td><\/td>\n<\/tr>\n<tr>\n<td>Tekst: Peggy<\/td>\n<td>Anne May<\/td>\n<\/tr>\n<tr>\n<td><\/td>\n<td><\/td>\n<\/tr>\n<tr>\n<td><strong>KVINNENES IDEAL<\/strong><\/td>\n<td><\/td>\n<\/tr>\n<tr>\n<td>Tekst: Idd Magne, Knut Knutsen<\/td>\n<td>Idar<\/td>\n<\/tr>\n<tr>\n<td><\/td>\n<td><\/td>\n<\/tr>\n<tr>\n<td><strong>S\u00c5NN HADD&#8217;IKKJE ME<\/strong><\/td>\n<td><\/td>\n<\/tr>\n<tr>\n<td>Tekst: Bj\u00f8rn Aslaksen<\/td>\n<td>Odd Magne<\/td>\n<\/tr>\n<tr>\n<td><\/td>\n<td><\/td>\n<\/tr>\n<tr>\n<td><strong>GODE NABOER<\/strong><\/td>\n<td><\/td>\n<\/tr>\n<tr>\n<td>Tekst: Bj\u00f8rn Aslaksen<\/td>\n<td>Nina, S\u00f8lvi<\/td>\n<\/tr>\n<tr>\n<td><\/td>\n<td><\/td>\n<\/tr>\n<tr>\n<td><strong>SMI MENS LIGET E VARMT<\/strong><\/td>\n<td><\/td>\n<\/tr>\n<tr>\n<td>Tekst: Peggy<\/td>\n<td>Anki, John, Liv Janne, Wenche<\/td>\n<\/tr>\n<tr>\n<td><\/td>\n<td><\/td>\n<\/tr>\n<tr>\n<td><strong>DAMER<\/strong><\/td>\n<td><\/td>\n<\/tr>\n<tr>\n<td>Tekst: Peggy<\/td>\n<td>S\u00f8lvi<\/td>\n<\/tr>\n<tr>\n<td><\/td>\n<td><\/td>\n<\/tr>\n<tr>\n<td><strong>LURASANGEN<\/strong><\/td>\n<td><\/td>\n<\/tr>\n<tr>\n<td>Tekst: Peggy<\/td>\n<td>Ensemblet<\/td>\n<\/tr>\n<\/tbody>\n<\/table>\n<\/td>\n<\/tr>\n<\/tbody>\n<\/table>\n","protected":false},"excerpt":{"rendered":"<p>Le og R\u00f8r Stavanger Aftenblad skrev:&raquo;Det er bare \u00e5 gratulere: Lura revyteater har overg\u00e5tt seg selv enda en gang. De har kokt sammen en forestilling det virkelig syder og koker av.&raquo; Sandnes Posten skreiv: &laquo;Vellykket Lurarevy Grundig forarbeid, smil og latter, god kvalitet og dyktige akt\u00f8rer er bare noen av superlativene som best karakteriserer \u00e5rets &hellip; <\/p>\n<p class=\"link-more\"><a href=\"https:\/\/lurarevyen.no\/?page_id=59\" class=\"more-link\">Fortsett \u00e5 lese<span class=\"screen-reader-text\"> \u00ab2000\u00bb<\/span><\/a><\/p>\n","protected":false},"author":1,"featured_media":0,"parent":18,"menu_order":6,"comment_status":"closed","ping_status":"open","template":"","meta":{"footnotes":""},"class_list":["post-59","page","type-page","status-publish","hentry"],"_links":{"self":[{"href":"https:\/\/lurarevyen.no\/index.php?rest_route=\/wp\/v2\/pages\/59","targetHints":{"allow":["GET"]}}],"collection":[{"href":"https:\/\/lurarevyen.no\/index.php?rest_route=\/wp\/v2\/pages"}],"about":[{"href":"https:\/\/lurarevyen.no\/index.php?rest_route=\/wp\/v2\/types\/page"}],"author":[{"embeddable":true,"href":"https:\/\/lurarevyen.no\/index.php?rest_route=\/wp\/v2\/users\/1"}],"replies":[{"embeddable":true,"href":"https:\/\/lurarevyen.no\/index.php?rest_route=%2Fwp%2Fv2%2Fcomments&post=59"}],"version-history":[{"count":4,"href":"https:\/\/lurarevyen.no\/index.php?rest_route=\/wp\/v2\/pages\/59\/revisions"}],"predecessor-version":[{"id":896,"href":"https:\/\/lurarevyen.no\/index.php?rest_route=\/wp\/v2\/pages\/59\/revisions\/896"}],"up":[{"embeddable":true,"href":"https:\/\/lurarevyen.no\/index.php?rest_route=\/wp\/v2\/pages\/18"}],"wp:attachment":[{"href":"https:\/\/lurarevyen.no\/index.php?rest_route=%2Fwp%2Fv2%2Fmedia&parent=59"}],"curies":[{"name":"wp","href":"https:\/\/api.w.org\/{rel}","templated":true}]}}