{"id":68,"date":"2012-05-30T23:47:47","date_gmt":"2012-05-30T21:47:47","guid":{"rendered":"http:\/\/lurarevyen.no\/wordpress\/?page_id=68"},"modified":"2016-12-01T09:36:40","modified_gmt":"2016-12-01T08:36:40","slug":"2001-2","status":"publish","type":"page","link":"https:\/\/lurarevyen.no\/?page_id=68","title":{"rendered":"2001"},"content":{"rendered":"<p><a href=\"http:\/\/lurarevyen.no\/lurarevyen\/wp-content\/uploads\/2012\/05\/fjaage_fjes.gif\"><img loading=\"lazy\" decoding=\"async\" class=\"alignnone size-full wp-image-897\" src=\"http:\/\/lurarevyen.no\/lurarevyen\/wp-content\/uploads\/2012\/05\/fjaage_fjes.gif\" alt=\"fjaage_fjes\" width=\"126\" height=\"201\" \/><\/a><\/p>\n<table border=\"0\" width=\"473\" cellspacing=\"0\" cellpadding=\"0\">\n<tbody>\n<tr>\n<td>\n<div align=\"center\">\n<h3 align=\"left\">Fj\u00e5ge fjes p\u00e5 nye eventyr<\/h3>\n<\/div>\n<\/td>\n<\/tr>\n<tr>\n<td><\/td>\n<\/tr>\n<tr>\n<td>\n<table border=\"0\" width=\"469\" cellspacing=\"0\" cellpadding=\"0\">\n<tbody>\n<tr>\n<td>REVYNUMMER<\/td>\n<td>ROLLER<\/td>\n<\/tr>\n<tr>\n<td><\/td>\n<td><\/td>\n<\/tr>\n<tr>\n<td><strong>\u00c5pning<\/strong><\/td>\n<td><\/td>\n<\/tr>\n<tr>\n<td>Tekst: Peggy<\/td>\n<td>Ensemblet<\/td>\n<\/tr>\n<tr>\n<td><\/td>\n<td><\/td>\n<\/tr>\n<tr>\n<td><strong>Jommen sa eg sm\u00f8r<\/strong><\/td>\n<td><\/td>\n<\/tr>\n<tr>\n<td>Tekst: Hans Petter<\/td>\n<td>Karin<\/td>\n<\/tr>\n<tr>\n<td><\/td>\n<td><\/td>\n<\/tr>\n<tr>\n<td><strong>Reporterskolen<\/strong><\/td>\n<td><\/td>\n<\/tr>\n<tr>\n<td>Tekst: Hans Petter<\/td>\n<td>John, Trond, Wenche<\/td>\n<\/tr>\n<tr>\n<td><\/td>\n<td><\/td>\n<\/tr>\n<tr>\n<td><strong>Et lys<\/strong><\/td>\n<td><\/td>\n<\/tr>\n<tr>\n<td>Tekst: Peggy<\/td>\n<td>Martin<\/td>\n<\/tr>\n<tr>\n<td><\/td>\n<td><\/td>\n<\/tr>\n<tr>\n<td><strong>P\u00e5 helsestasjonen<\/strong><\/td>\n<td><\/td>\n<\/tr>\n<tr>\n<td>Tekst: Peggy<\/td>\n<td>Ine, Nina, Gerd, S\u00f8lvi, \u00c5smund, Karin<\/td>\n<\/tr>\n<tr>\n<td><\/td>\n<td><\/td>\n<\/tr>\n<tr>\n<td><strong>Sj\u00e5f\u00f8rl\u00e6reren \u2013 1<\/strong><\/td>\n<td><\/td>\n<\/tr>\n<tr>\n<td>Tekst: Hans Petter<\/td>\n<td>Martin, \u00d8yvind, Anita<\/td>\n<\/tr>\n<tr>\n<td><\/td>\n<td><\/td>\n<\/tr>\n<tr>\n<td><strong>N\u00e5gen og Hu\u00e5<\/strong><\/td>\n<td><\/td>\n<\/tr>\n<tr>\n<td>Tekst: Stein<\/td>\n<td>Reidun, Tor G\u00f8ran<\/td>\n<\/tr>\n<tr>\n<td><\/td>\n<td><\/td>\n<\/tr>\n<tr>\n<td><strong>Dopen tilbake i rocken<\/strong><\/td>\n<td><\/td>\n<\/tr>\n<tr>\n<td>Tekst: Hans Petter<\/td>\n<td>John, Martin<\/td>\n<\/tr>\n<tr>\n<td><\/td>\n<td><\/td>\n<\/tr>\n<tr>\n<td><strong>Duellen<\/strong><\/td>\n<td>Gerd, Karin, Reidun, S\u00f8lvi, Wenche,<\/td>\n<\/tr>\n<tr>\n<td>Tekst: Peggy<\/td>\n<td>Odd, Tor G\u00f8ran, Trond, \u00c5smund, Ine<\/td>\n<\/tr>\n<tr>\n<td><\/td>\n<td><\/td>\n<\/tr>\n<tr>\n<td><strong>Regningen<\/strong><\/td>\n<td><\/td>\n<\/tr>\n<tr>\n<td>Tekst: Karsten Fullu<\/td>\n<td>Anita, \u00d8yvind<\/td>\n<\/tr>\n<tr>\n<td><\/td>\n<td><\/td>\n<\/tr>\n<tr>\n<td><strong>Stress\u00e5<\/strong><\/td>\n<td><\/td>\n<\/tr>\n<tr>\n<td>Tekst: Peggy<\/td>\n<td>Nina<\/td>\n<\/tr>\n<tr>\n<td><\/td>\n<td><\/td>\n<\/tr>\n<tr>\n<td><strong>Fantasivennen<\/strong><\/td>\n<td><\/td>\n<\/tr>\n<tr>\n<td>Tekst: Peggy<\/td>\n<td>Nina<\/td>\n<\/tr>\n<tr>\n<td><\/td>\n<td><\/td>\n<\/tr>\n<tr>\n<td><strong>Sj\u00e5f\u00f8rl\u00e6reren \u2013 2<\/strong><\/td>\n<td><\/td>\n<\/tr>\n<tr>\n<td>Tekst: Hans Petter<\/td>\n<td>Martin, \u00d8yvind<\/td>\n<\/tr>\n<tr>\n<td><\/td>\n<td><\/td>\n<\/tr>\n<tr>\n<td><strong>Eivind Beinlaus<\/strong><\/td>\n<td>Gerd, Ine, Reidun, Wenche,<\/td>\n<\/tr>\n<tr>\n<td>Tekst: Peggy<\/td>\n<td>John, Odd, Tor G\u00f8ran<\/td>\n<\/tr>\n<tr>\n<td><\/td>\n<td><\/td>\n<\/tr>\n<tr>\n<td><strong>Sesil\u00e5mi<\/strong><\/td>\n<td>S\u00f8lvi, \u00d8yvind, Wenche,<\/td>\n<\/tr>\n<tr>\n<td>Tekst: Peggy<\/td>\n<td>Anita, Ine, Reidun<\/td>\n<\/tr>\n<tr>\n<td><\/td>\n<td><\/td>\n<\/tr>\n<tr>\n<td><strong>Vestlandsver<\/strong><\/td>\n<td><\/td>\n<\/tr>\n<tr>\n<td>Tekst: Karin<\/td>\n<td>Karin, Nina, Wenche, Anita, Ine, Reidun<\/td>\n<\/tr>\n<tr>\n<td><\/td>\n<td><\/td>\n<\/tr>\n<tr>\n<td><strong>Vikaren<\/strong><\/td>\n<td><\/td>\n<\/tr>\n<tr>\n<td>Tekst: Peggy<\/td>\n<td>S\u00f8lvi<\/td>\n<\/tr>\n<tr>\n<td><\/td>\n<td><\/td>\n<\/tr>\n<tr>\n<td><strong>Advokaten<\/strong><\/td>\n<td><\/td>\n<\/tr>\n<tr>\n<td>Tekst: Peggy<\/td>\n<td>\u00d8yvind, \u00c5smund, Trond, Odd<\/td>\n<\/tr>\n<tr>\n<td><\/td>\n<td><\/td>\n<\/tr>\n<tr>\n<td><strong>E det l\u00f8ye me drikke<\/strong><\/td>\n<td><\/td>\n<\/tr>\n<tr>\n<td>Tekst: Peggy<\/td>\n<td>John, Martin<\/td>\n<\/tr>\n<tr>\n<td><\/td>\n<td><\/td>\n<\/tr>\n<tr>\n<td><strong>Me e menn<\/strong><\/td>\n<td>Trond, John, Martin, Odd,<\/td>\n<\/tr>\n<tr>\n<td>Tekst: Peggy<\/td>\n<td>Tor G\u00f8ran, \u00d8yvind, \u00c5smund<\/td>\n<\/tr>\n<tr>\n<td><\/td>\n<td><\/td>\n<\/tr>\n<tr>\n<td><strong>Hotteliv<\/strong><\/td>\n<td><\/td>\n<\/tr>\n<tr>\n<td>Tekst: Peggy<\/td>\n<td>S\u00f8lvi<\/td>\n<\/tr>\n<tr>\n<td><\/td>\n<td><\/td>\n<\/tr>\n<tr>\n<td><strong>Va det mi skyld<\/strong><\/td>\n<td><\/td>\n<\/tr>\n<tr>\n<td>Tekst: Peggy<\/td>\n<td>Karin<\/td>\n<\/tr>\n<tr>\n<td><\/td>\n<td><\/td>\n<\/tr>\n<tr>\n<td><strong>Sj\u00e5f\u00f8rl\u00e6reren \u2013 3<\/strong><\/td>\n<td><\/td>\n<\/tr>\n<tr>\n<td>Tekst: Hans Petter<\/td>\n<td>\u00d8yvind, Martin<\/td>\n<\/tr>\n<tr>\n<td><\/td>\n<td><\/td>\n<\/tr>\n<tr>\n<td><strong>Takk ska du ha<\/strong><\/td>\n<td><\/td>\n<\/tr>\n<tr>\n<td>Tekst: Peggy<\/td>\n<td>John, S\u00f8lvi<\/td>\n<\/tr>\n<tr>\n<td><\/td>\n<td><\/td>\n<\/tr>\n<tr>\n<td><strong>I beste meining<\/strong><\/td>\n<td>\u00d8yvind, Odd, Trond,<\/td>\n<\/tr>\n<tr>\n<td>Tekst: Peggy<\/td>\n<td>\u00c5smund, Tor G\u00f8ran, Ine<\/td>\n<\/tr>\n<tr>\n<td><\/td>\n<td><\/td>\n<\/tr>\n<tr>\n<td><strong>Dr\u00f8mmen<\/strong><\/td>\n<td>Wenche, \u00d8yvind, Trond,<\/td>\n<\/tr>\n<tr>\n<td>Tekst: Peggy<\/td>\n<td>Tor G\u00f8ran, \u00c5smund<\/td>\n<\/tr>\n<tr>\n<td><\/td>\n<td><\/td>\n<\/tr>\n<tr>\n<td><strong>Vil du bli REMA 1000 eier<\/strong><\/td>\n<td><\/td>\n<\/tr>\n<tr>\n<td>Tekst: Peggy<\/td>\n<td>John, Martin<\/td>\n<\/tr>\n<tr>\n<td><\/td>\n<td><\/td>\n<\/tr>\n<tr>\n<td><strong>Avslutning<\/strong><\/td>\n<td><\/td>\n<\/tr>\n<tr>\n<td>Tekst: Peggy<\/td>\n<td>Ensemblet<\/td>\n<\/tr>\n<\/tbody>\n<\/table>\n<\/td>\n<\/tr>\n<\/tbody>\n<\/table>\n","protected":false},"excerpt":{"rendered":"<p>Fj\u00e5ge fjes p\u00e5 nye eventyr REVYNUMMER ROLLER \u00c5pning Tekst: Peggy Ensemblet Jommen sa eg sm\u00f8r Tekst: Hans Petter Karin Reporterskolen Tekst: Hans Petter John, Trond, Wenche Et lys Tekst: Peggy Martin P\u00e5 helsestasjonen Tekst: Peggy Ine, Nina, Gerd, S\u00f8lvi, \u00c5smund, Karin Sj\u00e5f\u00f8rl\u00e6reren \u2013 1 Tekst: Hans Petter Martin, \u00d8yvind, Anita N\u00e5gen og Hu\u00e5 Tekst: Stein &hellip; <\/p>\n<p class=\"link-more\"><a href=\"https:\/\/lurarevyen.no\/?page_id=68\" class=\"more-link\">Fortsett \u00e5 lese<span class=\"screen-reader-text\"> \u00ab2001\u00bb<\/span><\/a><\/p>\n","protected":false},"author":1,"featured_media":0,"parent":18,"menu_order":7,"comment_status":"closed","ping_status":"open","template":"","meta":{"footnotes":""},"class_list":["post-68","page","type-page","status-publish","hentry"],"_links":{"self":[{"href":"https:\/\/lurarevyen.no\/index.php?rest_route=\/wp\/v2\/pages\/68","targetHints":{"allow":["GET"]}}],"collection":[{"href":"https:\/\/lurarevyen.no\/index.php?rest_route=\/wp\/v2\/pages"}],"about":[{"href":"https:\/\/lurarevyen.no\/index.php?rest_route=\/wp\/v2\/types\/page"}],"author":[{"embeddable":true,"href":"https:\/\/lurarevyen.no\/index.php?rest_route=\/wp\/v2\/users\/1"}],"replies":[{"embeddable":true,"href":"https:\/\/lurarevyen.no\/index.php?rest_route=%2Fwp%2Fv2%2Fcomments&post=68"}],"version-history":[{"count":3,"href":"https:\/\/lurarevyen.no\/index.php?rest_route=\/wp\/v2\/pages\/68\/revisions"}],"predecessor-version":[{"id":898,"href":"https:\/\/lurarevyen.no\/index.php?rest_route=\/wp\/v2\/pages\/68\/revisions\/898"}],"up":[{"embeddable":true,"href":"https:\/\/lurarevyen.no\/index.php?rest_route=\/wp\/v2\/pages\/18"}],"wp:attachment":[{"href":"https:\/\/lurarevyen.no\/index.php?rest_route=%2Fwp%2Fv2%2Fmedia&parent=68"}],"curies":[{"name":"wp","href":"https:\/\/api.w.org\/{rel}","templated":true}]}}