{"id":72,"date":"2012-05-30T23:49:32","date_gmt":"2012-05-30T21:49:32","guid":{"rendered":"http:\/\/lurarevyen.no\/wordpress\/?page_id=72"},"modified":"2016-12-01T09:37:51","modified_gmt":"2016-12-01T08:37:51","slug":"2003-2","status":"publish","type":"page","link":"https:\/\/lurarevyen.no\/?page_id=72","title":{"rendered":"2003"},"content":{"rendered":"<p><a href=\"http:\/\/lurarevyen.no\/lurarevyen\/wp-content\/uploads\/2012\/05\/lege.gif\"><img loading=\"lazy\" decoding=\"async\" class=\"alignnone size-full wp-image-901\" src=\"http:\/\/lurarevyen.no\/lurarevyen\/wp-content\/uploads\/2012\/05\/lege.gif\" alt=\"lege\" width=\"142\" height=\"201\" \/><\/a><\/p>\n<table border=\"0\" width=\"485\" cellspacing=\"0\" cellpadding=\"0\">\n<tbody>\n<tr>\n<td>\n<div align=\"center\">\n<h3 align=\"left\">Lege du d\u00e5 Karlsen<\/h3>\n<\/div>\n<\/td>\n<\/tr>\n<tr>\n<td><\/td>\n<\/tr>\n<tr>\n<td><\/td>\n<\/tr>\n<tr>\n<td>\n<table border=\"0\" width=\"469\" cellspacing=\"0\" cellpadding=\"0\">\n<tbody>\n<tr>\n<td>REVYNUMMER<\/td>\n<td>ROLLER<\/td>\n<\/tr>\n<tr>\n<td><\/td>\n<td><\/td>\n<\/tr>\n<tr>\n<td><strong>\u00c5pning<\/strong><\/td>\n<td><\/td>\n<\/tr>\n<tr>\n<td>Tekst: Peggy<\/td>\n<td>Ensemblet<\/td>\n<\/tr>\n<tr>\n<td><\/td>\n<td><\/td>\n<\/tr>\n<tr>\n<td><strong>Applaus<\/strong><\/td>\n<td><\/td>\n<\/tr>\n<tr>\n<td>Tekst: Sigrun, Peggy<\/td>\n<td>\u00d8yvind, Martin, Idar<\/td>\n<\/tr>\n<tr>\n<td><\/td>\n<td><\/td>\n<\/tr>\n<tr>\n<td><strong>Karlsen, Tor<\/strong><\/td>\n<td><\/td>\n<\/tr>\n<tr>\n<td>Tekst: Sigrun<\/td>\n<td>John<\/td>\n<\/tr>\n<tr>\n<td><\/td>\n<td><\/td>\n<\/tr>\n<tr>\n<td><strong>Fantastisk !<\/strong><\/td>\n<td><\/td>\n<\/tr>\n<tr>\n<td>Tekst: Karsten Fullu<\/td>\n<td>Ine, Siv<\/td>\n<\/tr>\n<tr>\n<td><\/td>\n<td><\/td>\n<\/tr>\n<tr>\n<td><strong>Fallskjermen<\/strong><\/td>\n<td>\u00d8ystein, \u00d8yvind, Trond, Tor G\u00f8ran,<\/td>\n<\/tr>\n<tr>\n<td>Tekst: Peggy<\/td>\n<td>Wenche, Elin, Anita, Reidun<\/td>\n<\/tr>\n<tr>\n<td><\/td>\n<td><\/td>\n<\/tr>\n<tr>\n<td><strong>Herliga London<\/strong><\/td>\n<td><\/td>\n<\/tr>\n<tr>\n<td>Tekst: Peggy<\/td>\n<td>Nina, S\u00f8lvi<\/td>\n<\/tr>\n<tr>\n<td><\/td>\n<td><\/td>\n<\/tr>\n<tr>\n<td><strong>Kanner i Tananger<\/strong><\/td>\n<td><\/td>\n<\/tr>\n<tr>\n<td>Tekst: Peggy<\/td>\n<td>\u00c5smund, Tom<\/td>\n<\/tr>\n<tr>\n<td><\/td>\n<td><\/td>\n<\/tr>\n<tr>\n<td><strong>Brukerst\u00f8tte<\/strong><\/td>\n<td>\u00d8yvind, Jannike, Karin, Tor G\u00f8ran, Elin, Trond,<\/td>\n<\/tr>\n<tr>\n<td>Tekst: Peggy<\/td>\n<td>S\u00f8lvi, Martin, Gerd, Stein Rune, Ine, John<\/td>\n<\/tr>\n<tr>\n<td><\/td>\n<td><\/td>\n<\/tr>\n<tr>\n<td><strong>Aldri merr te Karasjok<\/strong><\/td>\n<td><\/td>\n<\/tr>\n<tr>\n<td>Tekst: Idar<\/td>\n<td>Idar<\/td>\n<\/tr>\n<tr>\n<td><\/td>\n<td><\/td>\n<\/tr>\n<tr>\n<td><strong>Kanner i Tananger<\/strong><\/td>\n<td><\/td>\n<\/tr>\n<tr>\n<td>Tekst: Peggy<\/td>\n<td>\u00c5smund, Tom<\/td>\n<\/tr>\n<tr>\n<td><\/td>\n<td><\/td>\n<\/tr>\n<tr>\n<td><strong>Skadedyr<\/strong><\/td>\n<td><\/td>\n<\/tr>\n<tr>\n<td>Tekst: Karsten Fullu<\/td>\n<td>Wenche, Tom, Idar<\/td>\n<\/tr>\n<tr>\n<td><\/td>\n<td><\/td>\n<\/tr>\n<tr>\n<td><strong>Off eg grine s\u00e5nn<\/strong><\/td>\n<td><\/td>\n<\/tr>\n<tr>\n<td>Tekst: Peggy<\/td>\n<td>Reidun, Martin<\/td>\n<\/tr>\n<tr>\n<td><\/td>\n<td><\/td>\n<\/tr>\n<tr>\n<td><strong>Hipt \u00e5 ver Harry<\/strong><\/td>\n<td>Stein Rune, Karin, \u00d8ystein, \u00c5smund,<\/td>\n<\/tr>\n<tr>\n<td>Tekst: Peggy<\/td>\n<td>Idar, Trond, Wenche, Ine, Siv, Gerd<\/td>\n<\/tr>\n<tr>\n<td><\/td>\n<td><\/td>\n<\/tr>\n<tr>\n<td><strong>Penger \u00e5 spare<\/strong><\/td>\n<td><\/td>\n<\/tr>\n<tr>\n<td>Tekst: Peggy<\/td>\n<td>Nina<\/td>\n<\/tr>\n<tr>\n<td><\/td>\n<td><\/td>\n<\/tr>\n<tr>\n<td><strong>Bare s\u00e5 lyst p\u00e5<\/strong><\/td>\n<td><\/td>\n<\/tr>\n<tr>\n<td>Tekst: Karin<\/td>\n<td>Wenche, John<\/td>\n<\/tr>\n<tr>\n<td><\/td>\n<td><\/td>\n<\/tr>\n<tr>\n<td><strong>Naboskap<\/strong><\/td>\n<td><\/td>\n<\/tr>\n<tr>\n<td>Tekst: Peggy<\/td>\n<td>Ine, Nina, Tor G\u00f8ran, \u00c5smund, Tom, Anita<\/td>\n<\/tr>\n<tr>\n<td><\/td>\n<td><\/td>\n<\/tr>\n<tr>\n<td><strong>Det e s\u00e5 magisk<\/strong><\/td>\n<td>Nina, Anita, Gerd, Karin, Wenche,<\/td>\n<\/tr>\n<tr>\n<td>Tekst: Peggy<\/td>\n<td>Elin, Reidun, Ine, Siv, Jannike, S\u00f8lvi<\/td>\n<\/tr>\n<tr>\n<td><\/td>\n<td><\/td>\n<\/tr>\n<tr>\n<td><strong>P\u00e5 herretoalettet<\/strong><\/td>\n<td>Tom, John, Trond, \u00c5smund, Idar,<\/td>\n<\/tr>\n<tr>\n<td>Tekst: Peggy<\/td>\n<td>Stein Rune, \u00d8ystein, \u00d8yvind<\/td>\n<\/tr>\n<tr>\n<td><\/td>\n<td><\/td>\n<\/tr>\n<tr>\n<td><strong>B\u00e5tfl\u00f8rt<\/strong><\/td>\n<td><\/td>\n<\/tr>\n<tr>\n<td>Tekst: Peggy<\/td>\n<td>\u00d8ystein, Anita, Martin, Karin<\/td>\n<\/tr>\n<tr>\n<td><\/td>\n<td><\/td>\n<\/tr>\n<tr>\n<td><strong>Den einarma fiskaren<\/strong><\/td>\n<td><\/td>\n<\/tr>\n<tr>\n<td>Tekst: Peggy<\/td>\n<td>Trond, Elin<\/td>\n<\/tr>\n<tr>\n<td><\/td>\n<td><\/td>\n<\/tr>\n<tr>\n<td><strong>Kanner i Tananger<\/strong><\/td>\n<td><\/td>\n<\/tr>\n<tr>\n<td>Tekst: Peggy<\/td>\n<td>\u00c5smund, Tom<\/td>\n<\/tr>\n<tr>\n<td><\/td>\n<td><\/td>\n<\/tr>\n<tr>\n<td><strong>M\u00e5 vera greie<\/strong><\/td>\n<td><\/td>\n<\/tr>\n<tr>\n<td>Tekst: Idar<\/td>\n<td>Idar<\/td>\n<\/tr>\n<tr>\n<td><\/td>\n<td><\/td>\n<\/tr>\n<tr>\n<td><strong>Dam\u00e5 te Kjell<\/strong><\/td>\n<td><\/td>\n<\/tr>\n<tr>\n<td>Tekst: Idar<\/td>\n<td>Tor G\u00f8ran, John, Stein Rune, S\u00f8lvi<\/td>\n<\/tr>\n<tr>\n<td><\/td>\n<td><\/td>\n<\/tr>\n<tr>\n<td><strong>V\u00e5rens vakreste eventyr<\/strong><\/td>\n<td>Karin, Martin, Trond, \u00c5smund,<\/td>\n<\/tr>\n<tr>\n<td>Tekst: Peggy<\/td>\n<td>Siv, Jannike, Gerd<\/td>\n<\/tr>\n<tr>\n<td><\/td>\n<td><\/td>\n<\/tr>\n<tr>\n<td><strong>Rocke-Rolf<\/strong><\/td>\n<td>\u00c5smund, Nina, Anita, Gerd, Karin, Wenche, Elin,<\/td>\n<\/tr>\n<tr>\n<td>Tekst: Peggy<\/td>\n<td>Reidun, Ine, Siv, Jannike, S\u00f8lvi<\/td>\n<\/tr>\n<tr>\n<td><\/td>\n<td><\/td>\n<\/tr>\n<tr>\n<td><strong>Tollef Morell<\/strong><\/td>\n<td><\/td>\n<\/tr>\n<tr>\n<td>Tekst: Peggy<\/td>\n<td>\u00d8yvind, S\u00f8lvi, Reidun<\/td>\n<\/tr>\n<tr>\n<td><\/td>\n<td><\/td>\n<\/tr>\n<tr>\n<td><strong>Nok e nok<\/strong><\/td>\n<td>Tor G\u00f8ran, \u00d8yvind, Martin, Tom, John,<\/td>\n<\/tr>\n<tr>\n<td>Tekst: Peggy<\/td>\n<td>Stein Rune, \u00d8ystein, Wenche, Elin, Anita, Reidun<\/td>\n<\/tr>\n<tr>\n<td><\/td>\n<td><\/td>\n<\/tr>\n<tr>\n<td><strong>Bertha Helise<\/strong><\/td>\n<td><\/td>\n<\/tr>\n<tr>\n<td>Tekst: Peggy<\/td>\n<td>S\u00f8lvi<\/td>\n<\/tr>\n<tr>\n<td><\/td>\n<td><\/td>\n<\/tr>\n<tr>\n<td><strong>Eg lure meg p\u00e5<\/strong><\/td>\n<td><\/td>\n<\/tr>\n<tr>\n<td>Tekst: Peggy<\/td>\n<td>Ensemblet<\/td>\n<\/tr>\n<\/tbody>\n<\/table>\n<\/td>\n<\/tr>\n<\/tbody>\n<\/table>\n","protected":false},"excerpt":{"rendered":"<p>Lege du d\u00e5 Karlsen REVYNUMMER ROLLER \u00c5pning Tekst: Peggy Ensemblet Applaus Tekst: Sigrun, Peggy \u00d8yvind, Martin, Idar Karlsen, Tor Tekst: Sigrun John Fantastisk ! Tekst: Karsten Fullu Ine, Siv Fallskjermen \u00d8ystein, \u00d8yvind, Trond, Tor G\u00f8ran, Tekst: Peggy Wenche, Elin, Anita, Reidun Herliga London Tekst: Peggy Nina, S\u00f8lvi Kanner i Tananger Tekst: Peggy \u00c5smund, Tom Brukerst\u00f8tte &hellip; <\/p>\n<p class=\"link-more\"><a href=\"https:\/\/lurarevyen.no\/?page_id=72\" class=\"more-link\">Fortsett \u00e5 lese<span class=\"screen-reader-text\"> \u00ab2003\u00bb<\/span><\/a><\/p>\n","protected":false},"author":1,"featured_media":0,"parent":18,"menu_order":9,"comment_status":"closed","ping_status":"open","template":"","meta":{"footnotes":""},"class_list":["post-72","page","type-page","status-publish","hentry"],"_links":{"self":[{"href":"https:\/\/lurarevyen.no\/index.php?rest_route=\/wp\/v2\/pages\/72","targetHints":{"allow":["GET"]}}],"collection":[{"href":"https:\/\/lurarevyen.no\/index.php?rest_route=\/wp\/v2\/pages"}],"about":[{"href":"https:\/\/lurarevyen.no\/index.php?rest_route=\/wp\/v2\/types\/page"}],"author":[{"embeddable":true,"href":"https:\/\/lurarevyen.no\/index.php?rest_route=\/wp\/v2\/users\/1"}],"replies":[{"embeddable":true,"href":"https:\/\/lurarevyen.no\/index.php?rest_route=%2Fwp%2Fv2%2Fcomments&post=72"}],"version-history":[{"count":3,"href":"https:\/\/lurarevyen.no\/index.php?rest_route=\/wp\/v2\/pages\/72\/revisions"}],"predecessor-version":[{"id":902,"href":"https:\/\/lurarevyen.no\/index.php?rest_route=\/wp\/v2\/pages\/72\/revisions\/902"}],"up":[{"embeddable":true,"href":"https:\/\/lurarevyen.no\/index.php?rest_route=\/wp\/v2\/pages\/18"}],"wp:attachment":[{"href":"https:\/\/lurarevyen.no\/index.php?rest_route=%2Fwp%2Fv2%2Fmedia&parent=72"}],"curies":[{"name":"wp","href":"https:\/\/api.w.org\/{rel}","templated":true}]}}