{"id":738,"date":"2015-10-08T19:42:47","date_gmt":"2015-10-08T17:42:47","guid":{"rendered":"http:\/\/lurarevyen.no\/lurarevyen\/?page_id=738"},"modified":"2017-01-23T10:53:27","modified_gmt":"2017-01-23T09:53:27","slug":"lurarevyen-2016","status":"publish","type":"page","link":"https:\/\/lurarevyen.no\/?page_id=738","title":{"rendered":"Lurarevyen 2016"},"content":{"rendered":"<p><a href=\"http:\/\/lurarevyen.no\/lurarevyen\/wp-content\/uploads\/2015\/10\/Plakat2_1.png\" rel=\"attachment wp-att-823\"><img loading=\"lazy\" decoding=\"async\" class=\"alignnone wp-image-823 size-medium\" src=\"http:\/\/lurarevyen.no\/lurarevyen\/wp-content\/uploads\/2015\/10\/Plakat2_1-212x300.png\" alt=\"Plakat2_1\" width=\"212\" height=\"300\" srcset=\"https:\/\/lurarevyen.no\/lurarevyen\/wp-content\/uploads\/2015\/10\/Plakat2_1-212x300.png 212w, https:\/\/lurarevyen.no\/lurarevyen\/wp-content\/uploads\/2015\/10\/Plakat2_1.png 707w\" sizes=\"auto, (max-width: 212px) 100vw, 212px\" \/><\/a><\/p>\n<p>Lurarevyen 2016:<\/p>\n<table width=100% border=\"0\">\n<caption>\n    Oversikt over nummer<br \/>\n  <\/caption>\n<tbody>\n<tr>\n<th scope=\"col\">Nummer<\/th>\n<th scope=\"col\">Med:<\/th>\n<th scope=\"col\">Tekst<\/th>\n<\/tr>\n<tr>\n<td>Velkommen<\/td>\n<td>Alle<\/td>\n<td>Guro, Peggy<\/td>\n<\/tr>\n<tr>\n<td>Se mest p\u00e5 meg <\/td>\n<td>\u00d8yvind, Trond<\/td>\n<td>\u00d8yvind<\/td>\n<\/tr>\n<tr>\n<td>P\u00e5logga<\/td>\n<td>Stine, Cathrine <\/td>\n<td>Peggy<\/td>\n<\/tr>\n<tr>\n<td>Konfirmanter<\/td>\n<td>Steffen, Roger<\/td>\n<td>Jonas R\u00f8nning<\/td>\n<\/tr>\n<tr>\n<td>Gildt \u00e5 vera nyskilt<\/td>\n<td>Gry, Stein Rune, John A., Trond <\/td>\n<td>Sotrarevyen <\/td>\n<\/tr>\n<tr>\n<td>Jul og p\u00e5ske<\/td>\n<td>Mette, Gry <\/td>\n<td>Peggy <\/td>\n<\/tr>\n<tr>\n<td>\u00d8de \u00f8y<\/td>\n<td>\u00d8yvind, Trond <\/td>\n<td>Erlend Engan <\/td>\n<\/tr>\n<tr>\n<td>Ny campingvogn<\/td>\n<td>Karin, John F., Cathrine, Roger, Steffen <\/td>\n<td>Peggy <\/td>\n<\/tr>\n<tr>\n<td>Klimaflyktninger<\/td>\n<td>Gry, Mette, Trond, Stein Rune, Karin, S\u00f8lvi, \u00d8yvind, John F.<\/td>\n<td>Peggy <\/td>\n<\/tr>\n<tr>\n<td>Sensitive menn<\/td>\n<td>\u00d8yvind, John A., John F., Stein Rune, Steffen <\/td>\n<td>Peggy <\/td>\n<\/tr>\n<tr>\n<td> Damer p\u00e5 vift<\/td>\n<td>Karin, S\u00f8lvi, Mette <\/td>\n<td>Peggy <\/td>\n<\/tr>\n<tr>\n<td>C\u00f8liaki<\/td>\n<td>Stine, John F. <\/td>\n<td>Espen Rolstad <\/td>\n<\/tr>\n<tr>\n<td>Absolutt geh\u00f8r<\/td>\n<td>S\u00f8lvi <\/td>\n<td>&nbsp;<\/td>\n<\/tr>\n<tr>\n<td>Sammen for Statoil<\/td>\n<td>Alle <\/td>\n<td>Peggy <\/td>\n<\/tr>\n<tr>\n<td>Ketchupsangen<\/td>\n<td>S\u00f8lvi, Cathrine, Stine, Steffen, Karin, Mette, Gry <\/td>\n<td>Peggy <\/td>\n<\/tr>\n<tr>\n<td>Pensjonistturen<\/td>\n<td>\u00d8yvind <\/td>\n<td>Roy Aron Myklebust <\/td>\n<\/tr>\n<tr>\n<td>Bl\u00e5tur<\/td>\n<td>Alle <\/td>\n<td>Heidi Anne L. B\u00f8rresen <\/td>\n<\/tr>\n<tr>\n<td>Kverk<\/td>\n<td>Mette, Roger, Gry <\/td>\n<td>Isbj\u00f8rnmafian <\/td>\n<\/tr>\n<tr>\n<td>Et rop om hjelp<\/td>\n<td>Cathrine, Karin, Gry <\/td>\n<td>Else Sorkmo, Ingrid Bj\u00f8rge Auestad <\/td>\n<\/tr>\n<tr>\n<td>F\u00f8lget p\u00e5 firmafest<\/td>\n<td>Karin <\/td>\n<td>Anne Marith Sandh\u00e5land <\/td>\n<\/tr>\n<tr>\n<td>Skrikingarna<\/td>\n<td>\u00d8yvind, John F., John A., Trond, Stein Rune, Mette <\/td>\n<td>Arve Idar Thorkildsen <\/td>\n<\/tr>\n<tr>\n<td>Ferie<\/td>\n<td>John F., S\u00f8lvi <\/td>\n<td>Espen Rolstad <\/td>\n<\/tr>\n<tr>\n<td>Fotballdamer<\/td>\n<td>John A., \u00d8yvind, Trond <\/td>\n<td>Jonas R\u00f8nning <\/td>\n<\/tr>\n<tr>\n<td>Opprinnelsen<\/td>\n<td>Roger, John F., Trond, Steffen <\/td>\n<td>Isbj\u00f8rnmafian <\/td>\n<\/tr>\n<tr>\n<td>V\u00e5rrengj\u00f8ring<\/td>\n<td> \u00d8yvind, S\u00f8lvi<\/td>\n<td>Peggy, S\u00f8lvi, \u00d8yvind <\/td>\n<\/tr>\n<tr>\n<td>Takk for oss<\/td>\n<td>Alle <\/td>\n<td>Jeidi Anne L. B\u00f8rresen, Peggy <\/td>\n<\/tr>\n<\/tbody>\n<\/table>\n","protected":false},"excerpt":{"rendered":"<p>Lurarevyen 2016: Oversikt over nummer Nummer Med: Tekst Velkommen Alle Guro, Peggy Se mest p\u00e5 meg \u00d8yvind, Trond \u00d8yvind P\u00e5logga Stine, Cathrine Peggy Konfirmanter Steffen, Roger Jonas R\u00f8nning Gildt \u00e5 vera nyskilt Gry, Stein Rune, John A., Trond Sotrarevyen Jul og p\u00e5ske Mette, Gry Peggy \u00d8de \u00f8y \u00d8yvind, Trond Erlend Engan Ny campingvogn Karin, John &hellip; <\/p>\n<p class=\"link-more\"><a href=\"https:\/\/lurarevyen.no\/?page_id=738\" class=\"more-link\">Fortsett \u00e5 lese<span class=\"screen-reader-text\"> \u00abLurarevyen 2016\u00bb<\/span><\/a><\/p>\n","protected":false},"author":1,"featured_media":0,"parent":0,"menu_order":0,"comment_status":"closed","ping_status":"closed","template":"","meta":{"footnotes":""},"class_list":["post-738","page","type-page","status-publish","hentry"],"_links":{"self":[{"href":"https:\/\/lurarevyen.no\/index.php?rest_route=\/wp\/v2\/pages\/738","targetHints":{"allow":["GET"]}}],"collection":[{"href":"https:\/\/lurarevyen.no\/index.php?rest_route=\/wp\/v2\/pages"}],"about":[{"href":"https:\/\/lurarevyen.no\/index.php?rest_route=\/wp\/v2\/types\/page"}],"author":[{"embeddable":true,"href":"https:\/\/lurarevyen.no\/index.php?rest_route=\/wp\/v2\/users\/1"}],"replies":[{"embeddable":true,"href":"https:\/\/lurarevyen.no\/index.php?rest_route=%2Fwp%2Fv2%2Fcomments&post=738"}],"version-history":[{"count":12,"href":"https:\/\/lurarevyen.no\/index.php?rest_route=\/wp\/v2\/pages\/738\/revisions"}],"predecessor-version":[{"id":938,"href":"https:\/\/lurarevyen.no\/index.php?rest_route=\/wp\/v2\/pages\/738\/revisions\/938"}],"wp:attachment":[{"href":"https:\/\/lurarevyen.no\/index.php?rest_route=%2Fwp%2Fv2%2Fmedia&parent=738"}],"curies":[{"name":"wp","href":"https:\/\/api.w.org\/{rel}","templated":true}]}}