{"id":80,"date":"2012-05-30T23:53:52","date_gmt":"2012-05-30T21:53:52","guid":{"rendered":"http:\/\/lurarevyen.no\/wordpress\/?page_id=80"},"modified":"2015-04-16T07:49:41","modified_gmt":"2015-04-16T05:49:41","slug":"2006-2","status":"publish","type":"page","link":"https:\/\/lurarevyen.no\/?page_id=80","title":{"rendered":"2006"},"content":{"rendered":"<p><a href=\"http:\/\/lurarevyen.no\/wordpress\/wp-content\/uploads\/2012\/05\/elleve.jpg\"><img loading=\"lazy\" decoding=\"async\" class=\"alignnone size-medium wp-image-198\" title=\"elleve\" src=\"http:\/\/lurarevyen.no\/wordpress\/wp-content\/uploads\/2012\/05\/elleve-211x300.jpg\" alt=\"\" width=\"211\" height=\"300\" \/><\/a><\/p>\n<p>Elleve s\u00e5 stiligt<\/p>\n<p>Barnetimen<\/p>\n<p>R\u00f8rstad\/Sigrun<\/p>\n<p>Verdens farligaste jobb<\/p>\n<p>Verdens farligaste idrett<\/p>\n<p>Stand-in komiker<\/p>\n<p>Tine og Synn\u00f8ve<\/p>\n<p>Tull med tal<\/p>\n<p>Ut pa tur, aldri sur<\/p>\n<p>Talibaner i pysjamas<\/p>\n<p>Det seri\u00f8se innslaget<\/p>\n<p>Appelsinhud<\/p>\n<p>Hos psykologen<\/p>\n<p>The M\u00f8yfrids<\/p>\n<p>Single<\/p>\n<p>Forelsket<\/p>\n<p>Spesialisten<\/p>\n<p>Byen min<\/p>\n<p>Retten e satt<\/p>\n<p>Date<\/p>\n<p>Randi &amp;Ragnar<\/p>\n<p>Livs-sirkus<\/p>\n<p>Bagfinn<\/p>\n<p>Ut pa tur, aldri sur<\/p>\n<p>Baddel med bokstavar<\/p>\n<p>One night stand<\/p>\n<p>Enn alt de kan tykkja mon i<\/p>\n<p>Bet e&#8217;kje leye<\/p>\n<p>Luras Casanova<\/p>\n<p>Luraspelet<\/p>\n<p>Elleve s\u00e5 stiligt<\/p>\n","protected":false},"excerpt":{"rendered":"<p>Elleve s\u00e5 stiligt Barnetimen R\u00f8rstad\/Sigrun Verdens farligaste jobb Verdens farligaste idrett Stand-in komiker Tine og Synn\u00f8ve Tull med tal Ut pa tur, aldri sur Talibaner i pysjamas Det seri\u00f8se innslaget Appelsinhud Hos psykologen The M\u00f8yfrids Single Forelsket Spesialisten Byen min Retten e satt Date Randi &amp;Ragnar Livs-sirkus Bagfinn Ut pa tur, aldri sur Baddel med &hellip; <\/p>\n<p class=\"link-more\"><a href=\"https:\/\/lurarevyen.no\/?page_id=80\" class=\"more-link\">Fortsett \u00e5 lese<span class=\"screen-reader-text\"> \u00ab2006\u00bb<\/span><\/a><\/p>\n","protected":false},"author":1,"featured_media":0,"parent":18,"menu_order":12,"comment_status":"closed","ping_status":"open","template":"","meta":{"footnotes":""},"class_list":["post-80","page","type-page","status-publish","hentry"],"_links":{"self":[{"href":"https:\/\/lurarevyen.no\/index.php?rest_route=\/wp\/v2\/pages\/80","targetHints":{"allow":["GET"]}}],"collection":[{"href":"https:\/\/lurarevyen.no\/index.php?rest_route=\/wp\/v2\/pages"}],"about":[{"href":"https:\/\/lurarevyen.no\/index.php?rest_route=\/wp\/v2\/types\/page"}],"author":[{"embeddable":true,"href":"https:\/\/lurarevyen.no\/index.php?rest_route=\/wp\/v2\/users\/1"}],"replies":[{"embeddable":true,"href":"https:\/\/lurarevyen.no\/index.php?rest_route=%2Fwp%2Fv2%2Fcomments&post=80"}],"version-history":[{"count":4,"href":"https:\/\/lurarevyen.no\/index.php?rest_route=\/wp\/v2\/pages\/80\/revisions"}],"predecessor-version":[{"id":659,"href":"https:\/\/lurarevyen.no\/index.php?rest_route=\/wp\/v2\/pages\/80\/revisions\/659"}],"up":[{"embeddable":true,"href":"https:\/\/lurarevyen.no\/index.php?rest_route=\/wp\/v2\/pages\/18"}],"wp:attachment":[{"href":"https:\/\/lurarevyen.no\/index.php?rest_route=%2Fwp%2Fv2%2Fmedia&parent=80"}],"curies":[{"name":"wp","href":"https:\/\/api.w.org\/{rel}","templated":true}]}}