{"id":82,"date":"2012-05-30T23:54:52","date_gmt":"2012-05-30T21:54:52","guid":{"rendered":"http:\/\/lurarevyen.no\/wordpress\/?page_id=82"},"modified":"2015-04-16T07:49:41","modified_gmt":"2015-04-16T05:49:41","slug":"2007-2","status":"publish","type":"page","link":"https:\/\/lurarevyen.no\/?page_id=82","title":{"rendered":"2007"},"content":{"rendered":"<p><a href=\"http:\/\/lurarevyen.no\/wordpress\/wp-content\/uploads\/2012\/05\/mahadet.jpg\"><img loading=\"lazy\" decoding=\"async\" class=\"alignnone size-medium wp-image-195\" title=\"mahadet\" src=\"http:\/\/lurarevyen.no\/wordpress\/wp-content\/uploads\/2012\/05\/mahadet-212x300.jpg\" alt=\"\" width=\"212\" height=\"300\" \/><\/a><\/p>\n<table width=\"600\" border=\"0\">\n<tbody>\n<tr>\n<th scope=\"col\">\n<div align=\"left\"><strong>Revynummer<\/strong><\/div>\n<\/th>\n<th scope=\"col\">\n<div align=\"left\">Roller<\/div>\n<\/th>\n<th scope=\"col\">\n<div align=\"left\">Tekst<\/div>\n<\/th>\n<\/tr>\n<tr>\n<td><strong>God kveld<\/strong><\/td>\n<td>Nina, S\u00f8lvi<\/td>\n<td>Yngvar Numme<\/td>\n<\/tr>\n<tr>\n<td><strong>Bare m\u00e5 se det<\/strong><\/td>\n<td>Alle<\/td>\n<td>Peggy, Sigrun<\/td>\n<\/tr>\n<tr>\n<td><strong>Global oppvarming<\/strong><\/td>\n<td>\u00d8yvind<\/td>\n<td>Peggy Id\u00e8 Pedell<\/td>\n<\/tr>\n<tr>\n<td><strong>Ein slr\u00e5lande dag<\/strong><\/td>\n<td>Idar<\/td>\n<td>Peggy<br \/>\nId\u00e8 Sean Morey<\/td>\n<\/tr>\n<tr>\n<td><strong>Te himmels<\/strong><\/td>\n<td>Karin, S\u00f8lvi, Siv<\/td>\n<td>Peggy<\/td>\n<\/tr>\n<tr>\n<td><strong>Hankj\u00f8nnet bade<\/strong><\/td>\n<td>Wenche, Lise, Trond, Stein Rune<\/td>\n<td>Peggy Id\u00e8 Rally<\/td>\n<\/tr>\n<tr>\n<td><strong>Mannfolk-magnet<\/strong><\/td>\n<td>Lise, May Lis<\/td>\n<td>Sigrun<\/td>\n<\/tr>\n<tr>\n<td><strong>Infiltreringen<\/strong><\/td>\n<td>Wenche, Trond, Martin, Stein Rune,<br \/>\n\u00d8yvind, Idar<\/td>\n<td>Idar<\/td>\n<\/tr>\n<tr>\n<td><strong>I losjen<\/strong><\/td>\n<td>Trond, Martin, Stein Rune, \u00d8yvind, Idar<\/td>\n<td>Sigrun<\/td>\n<\/tr>\n<tr>\n<td><strong>Stato IL<\/strong><\/td>\n<td>Karin<\/td>\n<td>Idar, Peggy<\/td>\n<\/tr>\n<tr>\n<td><strong>De p\u00e5 tappen<\/strong><\/td>\n<td>Nina, May Lis, Martin<\/td>\n<td>Peggy<\/td>\n<\/tr>\n<tr>\n<td><strong>Morgenstund har gull i munn<\/strong><\/td>\n<td>Wenche, Trond<\/td>\n<td>Peggy<\/td>\n<\/tr>\n<tr>\n<td><strong>Disco &#8230; nei Country!<\/strong><\/td>\n<td>Wenche, Lise, May Lis, Siv, \u00d8yvind,<br \/>\nIdar, Stein Rune<\/td>\n<td>Idar<\/td>\n<\/tr>\n<tr>\n<td><strong>Polakker og sne<\/strong><\/td>\n<td>Nina<\/td>\n<td>Peggy<\/td>\n<\/tr>\n<tr>\n<td><strong>Foglavirus<\/strong><\/td>\n<td>Siv, Idar<\/td>\n<td>Peggy, Sigrun,<br \/>\nPer \u00d8ren<\/td>\n<\/tr>\n<tr>\n<td><strong>Kolumbus &amp; di<\/strong><\/td>\n<td>Alle<\/td>\n<td>Peggy<\/td>\n<\/tr>\n<tr>\n<td><strong>Oltonauten<\/strong><\/td>\n<td>S\u00f8lvi, \u00d8yvind<\/td>\n<td>Peggy, \u00d8yvind<\/td>\n<\/tr>\n<tr>\n<td><strong>Hondadrid<\/strong><\/td>\n<td>Nina, Lise, S\u00f8lvi, Karin, Martin,<br \/>\n\u00d8yvind, Idar, Trond<\/td>\n<td>Peggy, Sigrun<\/td>\n<\/tr>\n<tr>\n<td><strong>Typisk<\/strong><\/td>\n<td>Nina, Martin<\/td>\n<td>Sigrun<\/td>\n<\/tr>\n<tr>\n<td><strong>Fysste gang<\/strong><\/td>\n<td>Lise, Siv<\/td>\n<td>Sigrun, Id\u00e8<br \/>\nTracy Ullman show<\/td>\n<\/tr>\n<tr>\n<td><strong>Gammel kj\u00e6rlighet<br \/>\nruster ikke<\/strong><\/td>\n<td>Karin, Martin<\/td>\n<td>Idar, Sigrun<\/td>\n<\/tr>\n<tr>\n<td><strong>Det \u00e8 det indra s\u00e5 telle<\/strong><\/td>\n<td>May Lis<\/td>\n<td>Sigrun Id\u00e8<br \/>\nTracy Ullman show<\/td>\n<\/tr>\n<tr>\n<td><strong>Den snodige kroppen<\/strong><\/td>\n<td>Karin, Wenche, Lise, Idar,<br \/>\nStein Rune<\/td>\n<td>Idar<\/td>\n<\/tr>\n<tr>\n<td><strong>Te debatt<\/strong><\/td>\n<td>Trond, Idar<\/td>\n<td>Peggy, Idar<\/td>\n<\/tr>\n<tr>\n<td><strong>Ikkje lenge siden det<\/strong><\/td>\n<td>Stein Rune<\/td>\n<td>Sigrun<\/td>\n<\/tr>\n<tr>\n<td><strong>Musikanten<\/strong><\/td>\n<td>S\u00f8lvi<\/td>\n<td>Peggy, S\u00f8lvi<\/td>\n<\/tr>\n<tr>\n<td><strong>Ein rekemusikal<\/strong><\/td>\n<td>Alle<\/td>\n<td>Sigrun, Idar<\/td>\n<\/tr>\n<tr>\n<td><\/td>\n<td><\/td>\n<td><\/td>\n<\/tr>\n<tr>\n<td><\/td>\n<td><\/td>\n<td><\/td>\n<\/tr>\n<\/tbody>\n<\/table>\n<p>&nbsp;<\/p>\n","protected":false},"excerpt":{"rendered":"<p>Revynummer Roller Tekst God kveld Nina, S\u00f8lvi Yngvar Numme Bare m\u00e5 se det Alle Peggy, Sigrun Global oppvarming \u00d8yvind Peggy Id\u00e8 Pedell Ein slr\u00e5lande dag Idar Peggy Id\u00e8 Sean Morey Te himmels Karin, S\u00f8lvi, Siv Peggy Hankj\u00f8nnet bade Wenche, Lise, Trond, Stein Rune Peggy Id\u00e8 Rally Mannfolk-magnet Lise, May Lis Sigrun Infiltreringen Wenche, Trond, Martin, &hellip; <\/p>\n<p class=\"link-more\"><a href=\"https:\/\/lurarevyen.no\/?page_id=82\" class=\"more-link\">Fortsett \u00e5 lese<span class=\"screen-reader-text\"> \u00ab2007\u00bb<\/span><\/a><\/p>\n","protected":false},"author":1,"featured_media":0,"parent":18,"menu_order":13,"comment_status":"closed","ping_status":"open","template":"","meta":{"footnotes":""},"class_list":["post-82","page","type-page","status-publish","hentry"],"_links":{"self":[{"href":"https:\/\/lurarevyen.no\/index.php?rest_route=\/wp\/v2\/pages\/82","targetHints":{"allow":["GET"]}}],"collection":[{"href":"https:\/\/lurarevyen.no\/index.php?rest_route=\/wp\/v2\/pages"}],"about":[{"href":"https:\/\/lurarevyen.no\/index.php?rest_route=\/wp\/v2\/types\/page"}],"author":[{"embeddable":true,"href":"https:\/\/lurarevyen.no\/index.php?rest_route=\/wp\/v2\/users\/1"}],"replies":[{"embeddable":true,"href":"https:\/\/lurarevyen.no\/index.php?rest_route=%2Fwp%2Fv2%2Fcomments&post=82"}],"version-history":[{"count":5,"href":"https:\/\/lurarevyen.no\/index.php?rest_route=\/wp\/v2\/pages\/82\/revisions"}],"predecessor-version":[{"id":660,"href":"https:\/\/lurarevyen.no\/index.php?rest_route=\/wp\/v2\/pages\/82\/revisions\/660"}],"up":[{"embeddable":true,"href":"https:\/\/lurarevyen.no\/index.php?rest_route=\/wp\/v2\/pages\/18"}],"wp:attachment":[{"href":"https:\/\/lurarevyen.no\/index.php?rest_route=%2Fwp%2Fv2%2Fmedia&parent=82"}],"curies":[{"name":"wp","href":"https:\/\/api.w.org\/{rel}","templated":true}]}}