{"id":838,"date":"2016-10-28T13:38:35","date_gmt":"2016-10-28T11:38:35","guid":{"rendered":"http:\/\/lurarevyen.no\/?page_id=838"},"modified":"2026-02-02T18:31:02","modified_gmt":"2026-02-02T17:31:02","slug":"lurarevyen-2017","status":"publish","type":"page","link":"https:\/\/lurarevyen.no\/","title":{"rendered":"Lurarevyen 2026"},"content":{"rendered":"\n<p>Her er mye show og moro, vi gleder oss veldig til \u00e5 vise deg \u00e5rets revy i 2026! <br>Premieren er 13. mars.<\/p>\n\n\n\n<p><a href=\"https:\/\/www.linticket.no\/page\/no\/20\/703\">Kj\u00f8p billetter her<\/a>.<\/p>\n\n\n\n<figure class=\"wp-block-image size-full\"><a href=\"https:\/\/lurarevyen.no\/lurarevyen\/wp-content\/uploads\/2026\/01\/Plakat_2026-ferdig-trykk.jpg\"><img loading=\"lazy\" decoding=\"async\" width=\"1493\" height=\"2048\" src=\"https:\/\/lurarevyen.no\/lurarevyen\/wp-content\/uploads\/2026\/01\/Plakat_2026-ferdig-trykk.jpg\" alt=\"\" class=\"wp-image-1228\" srcset=\"https:\/\/lurarevyen.no\/lurarevyen\/wp-content\/uploads\/2026\/01\/Plakat_2026-ferdig-trykk.jpg 1493w, https:\/\/lurarevyen.no\/lurarevyen\/wp-content\/uploads\/2026\/01\/Plakat_2026-ferdig-trykk-219x300.jpg 219w, https:\/\/lurarevyen.no\/lurarevyen\/wp-content\/uploads\/2026\/01\/Plakat_2026-ferdig-trykk-747x1024.jpg 747w, https:\/\/lurarevyen.no\/lurarevyen\/wp-content\/uploads\/2026\/01\/Plakat_2026-ferdig-trykk-768x1053.jpg 768w, https:\/\/lurarevyen.no\/lurarevyen\/wp-content\/uploads\/2026\/01\/Plakat_2026-ferdig-trykk-1120x1536.jpg 1120w\" sizes=\"auto, (max-width: 767px) 89vw, (max-width: 1000px) 54vw, (max-width: 1071px) 543px, 580px\" \/><\/a><\/figure>\n\n\n","protected":false},"excerpt":{"rendered":"<p>Her er mye show og moro, vi gleder oss veldig til \u00e5 vise deg \u00e5rets revy i 2026! Premieren er 13. mars. Kj\u00f8p billetter her.<\/p>\n","protected":false},"author":1,"featured_media":0,"parent":0,"menu_order":0,"comment_status":"closed","ping_status":"closed","template":"","meta":{"footnotes":""},"class_list":["post-838","page","type-page","status-publish","hentry"],"_links":{"self":[{"href":"https:\/\/lurarevyen.no\/index.php?rest_route=\/wp\/v2\/pages\/838","targetHints":{"allow":["GET"]}}],"collection":[{"href":"https:\/\/lurarevyen.no\/index.php?rest_route=\/wp\/v2\/pages"}],"about":[{"href":"https:\/\/lurarevyen.no\/index.php?rest_route=\/wp\/v2\/types\/page"}],"author":[{"embeddable":true,"href":"https:\/\/lurarevyen.no\/index.php?rest_route=\/wp\/v2\/users\/1"}],"replies":[{"embeddable":true,"href":"https:\/\/lurarevyen.no\/index.php?rest_route=%2Fwp%2Fv2%2Fcomments&post=838"}],"version-history":[{"count":25,"href":"https:\/\/lurarevyen.no\/index.php?rest_route=\/wp\/v2\/pages\/838\/revisions"}],"predecessor-version":[{"id":1238,"href":"https:\/\/lurarevyen.no\/index.php?rest_route=\/wp\/v2\/pages\/838\/revisions\/1238"}],"wp:attachment":[{"href":"https:\/\/lurarevyen.no\/index.php?rest_route=%2Fwp%2Fv2%2Fmedia&parent=838"}],"curies":[{"name":"wp","href":"https:\/\/api.w.org\/{rel}","templated":true}]}}